{"id":3492,"date":"2022-07-18T13:15:27","date_gmt":"2022-07-18T11:22:53","guid":{"rendered":"https:\/\/glassheritagecentre.com\/szklana-patera-pianeta\/"},"modified":"2022-07-18T13:22:57","modified_gmt":"2022-07-18T11:22:57","slug":"szklana-patera-pianeta","status":"publish","type":"product","link":"https:\/\/glassheritagecentre.com\/pl\/szklana-patera-pianeta\/","title":{"rendered":"Szklana Patera Pianeta"},"content":{"rendered":"<p>Wszystko zaczyna si\u0119 od pomys\u0142u. Szklana patera mo\u017ce jeszcze dzi\u015b sta\u0107 si\u0119 centralnym elementem Twojego sto\u0142u&#8230; bo wyobra\u017ania jest tutaj jedynym ograniczeniem! Pu\u015b\u0107 wodze fantazji, a my pomo\u017cemy Ci urzeczywistni\u0107 to marzenie, r\u0119cznie tworz\u0105c zachwycaj\u0105c\u0105 ozdob\u0119 sto\u0142u, z kt\u00f3rej b\u0119d\u0105 mogli korzysta\u0107 r\u00f3wnie\u017c Twoi go\u015bcie!<\/p>\n<p>Idealny prezent na ka\u017cd\u0105 okazj\u0119. Dzi\u0119ki szkle \u015bwiatowej s\u0142awy ta patera jest oryginalnym dzie\u0142em sztuki, kt\u00f3re sprawi, \u017ce prezent b\u0119dzie tak wyj\u0105tkowy, jak jego tw\u00f3rca i odbiorca. Zaoferuj bliskiej Ci osobie wyj\u0105tkowy i pi\u0119kny podarunek prosto z Polski! Dekoracyjne szklane patery to tylko odrobina wsp\u00f3\u0142czesnego stylu, kt\u00f3rego szukamy w naszych kuchniach \u2013 pomy\u015bl o owocowych zestawach na naszych pi\u0119knych talerzach lub pokrytych cynamonem i cukrem herbatnikach oblanych miodem na wierzchu.<\/p>\n","protected":false},"excerpt":{"rendered":"<p>D\u0142ugo\u015b\u0107: 20 cm<br \/>\nSzeroko\u015b\u0107: 20 cm<br \/>\nWysoko\u015b\u0107: 4 cm<\/p>\n","protected":false},"featured_media":770,"template":"","meta":[],"product_cat":[206,222,194],"product_tag":[],"_links":{"self":[{"href":"https:\/\/glassheritagecentre.com\/pl\/wp-json\/wp\/v2\/product\/3492"}],"collection":[{"href":"https:\/\/glassheritagecentre.com\/pl\/wp-json\/wp\/v2\/product"}],"about":[{"href":"https:\/\/glassheritagecentre.com\/pl\/wp-json\/wp\/v2\/types\/product"}],"wp:featuredmedia":[{"embeddable":true,"href":"https:\/\/glassheritagecentre.com\/pl\/wp-json\/wp\/v2\/media\/770"}],"wp:attachment":[{"href":"https:\/\/glassheritagecentre.com\/pl\/wp-json\/wp\/v2\/media?parent=3492"}],"wp:term":[{"taxonomy":"product_cat","embeddable":true,"href":"https:\/\/glassheritagecentre.com\/pl\/wp-json\/wp\/v2\/product_cat?post=3492"},{"taxonomy":"product_tag","embeddable":true,"href":"https:\/\/glassheritagecentre.com\/pl\/wp-json\/wp\/v2\/product_tag?post=3492"}],"curies":[{"name":"wp","href":"https:\/\/api.w.org\/{rel}","templated":true}]}}