{"id":3491,"date":"2022-07-18T13:15:27","date_gmt":"2022-07-18T11:22:53","guid":{"rendered":"https:\/\/glassheritagecentre.com\/szklana-patera-terra\/"},"modified":"2022-07-18T13:22:56","modified_gmt":"2022-07-18T11:22:56","slug":"szklana-patera-terra","status":"publish","type":"product","link":"https:\/\/glassheritagecentre.com\/pl\/szklana-patera-terra\/","title":{"rendered":"Szklana Patera Terra"},"content":{"rendered":"<p>Szklana patera nadaje elegancji ka\u017cdemu sto\u0142owi. Sprawdzi si\u0119 r\u00f3wnie\u017c do serwowania kanapek i ciastek z delikatnymi wypiekami podczas \u015bniadania w biurze lub podczas porannej wizyty u znajomych przy kawie. Szklana, g\u0142adka powierzchnia pater pi\u0119knie uzupe\u0142nia naczynia wykonane z r\u00f3\u017cnych materia\u0142\u00f3w, takich jak metal czy ceramika.<\/p>\n<p>Idealna do serwowania przek\u0105sek w domu, biurze lub na weselach i formalnych imprezach!<\/p>\n","protected":false},"excerpt":{"rendered":"<p>D\u0142ugo\u015b\u0107: 28 cm<br \/>\nSzeroko\u015b\u0107: 28 cm<br \/>\nWysoko\u015b\u0107: 3 cm<\/p>\n","protected":false},"featured_media":761,"template":"","meta":[],"product_cat":[206,222,194],"product_tag":[],"_links":{"self":[{"href":"https:\/\/glassheritagecentre.com\/pl\/wp-json\/wp\/v2\/product\/3491"}],"collection":[{"href":"https:\/\/glassheritagecentre.com\/pl\/wp-json\/wp\/v2\/product"}],"about":[{"href":"https:\/\/glassheritagecentre.com\/pl\/wp-json\/wp\/v2\/types\/product"}],"wp:featuredmedia":[{"embeddable":true,"href":"https:\/\/glassheritagecentre.com\/pl\/wp-json\/wp\/v2\/media\/761"}],"wp:attachment":[{"href":"https:\/\/glassheritagecentre.com\/pl\/wp-json\/wp\/v2\/media?parent=3491"}],"wp:term":[{"taxonomy":"product_cat","embeddable":true,"href":"https:\/\/glassheritagecentre.com\/pl\/wp-json\/wp\/v2\/product_cat?post=3491"},{"taxonomy":"product_tag","embeddable":true,"href":"https:\/\/glassheritagecentre.com\/pl\/wp-json\/wp\/v2\/product_tag?post=3491"}],"curies":[{"name":"wp","href":"https:\/\/api.w.org\/{rel}","templated":true}]}}