{"id":3490,"date":"2022-07-18T13:15:27","date_gmt":"2022-07-18T11:22:53","guid":{"rendered":"https:\/\/glassheritagecentre.com\/szklana-patera-spara\/"},"modified":"2022-07-18T13:22:56","modified_gmt":"2022-07-18T11:22:56","slug":"szklana-patera-spara","status":"publish","type":"product","link":"https:\/\/glassheritagecentre.com\/pl\/szklana-patera-spara\/","title":{"rendered":"Szklana Patera Spara"},"content":{"rendered":"<p>Ten wykwintny element dekoracyjny wykonany jest z luksusowego, delikatnego szk\u0142a, kt\u00f3re stanowi idealn\u0105 dekoracj\u0119 na ka\u017cdy blat. Elegancka i absolutnie odpowiednia do ka\u017cdego dania lub idealnej przek\u0105ski na imprez\u0119!<\/p>\n<p>Szklane patery s\u0105 jedn\u0105 z najcz\u0119stszych metod eksponowania \u017cywno\u015bci na ca\u0142ym \u015bwiecie. Ten szklany talerz to oryginalne dzie\u0142o sztuki wykonane r\u0119cznie w Centrum Dziedzictwa Szk\u0142a. Jest doskona\u0142ym sposobem na udekorowanie sto\u0142u i zaserwowanie wykwintnych przek\u0105sek, takich jak ciasta i owoce, w elegancki spos\u00f3b.<\/p>\n","protected":false},"excerpt":{"rendered":"<p>D\u0142ugo\u015b\u0107: 28 cm<br \/>\nSzeroko\u015b\u0107: 28 cm<br \/>\nWysoko\u015b\u0107: 3 cm<\/p>\n","protected":false},"featured_media":749,"template":"","meta":[],"product_cat":[206,222,194],"product_tag":[],"_links":{"self":[{"href":"https:\/\/glassheritagecentre.com\/pl\/wp-json\/wp\/v2\/product\/3490"}],"collection":[{"href":"https:\/\/glassheritagecentre.com\/pl\/wp-json\/wp\/v2\/product"}],"about":[{"href":"https:\/\/glassheritagecentre.com\/pl\/wp-json\/wp\/v2\/types\/product"}],"wp:featuredmedia":[{"embeddable":true,"href":"https:\/\/glassheritagecentre.com\/pl\/wp-json\/wp\/v2\/media\/749"}],"wp:attachment":[{"href":"https:\/\/glassheritagecentre.com\/pl\/wp-json\/wp\/v2\/media?parent=3490"}],"wp:term":[{"taxonomy":"product_cat","embeddable":true,"href":"https:\/\/glassheritagecentre.com\/pl\/wp-json\/wp\/v2\/product_cat?post=3490"},{"taxonomy":"product_tag","embeddable":true,"href":"https:\/\/glassheritagecentre.com\/pl\/wp-json\/wp\/v2\/product_tag?post=3490"}],"curies":[{"name":"wp","href":"https:\/\/api.w.org\/{rel}","templated":true}]}}