{"id":3489,"date":"2022-07-18T13:15:27","date_gmt":"2022-07-18T11:22:53","guid":{"rendered":"https:\/\/glassheritagecentre.com\/szklana-patera-fiamma\/"},"modified":"2022-07-18T13:22:55","modified_gmt":"2022-07-18T11:22:55","slug":"szklana-patera-fiamma","status":"publish","type":"product","link":"https:\/\/glassheritagecentre.com\/pl\/szklana-patera-fiamma\/","title":{"rendered":"Szklana Patera Fiamma"},"content":{"rendered":"<p>Wszyscy wiemy, \u017ce nie da si\u0119 mie\u0107 zbyt wielu szklanych pater pod r\u0119k\u0105. Je\u015bli chodzi o nie &#8211; po prostu przydaj\u0105 si\u0119 zawsze. Wybieraj spo\u015br\u00f3d naszych oryginalnych i nietypowych projekt\u00f3w po bardziej tradycyjne style z rozszerzonymi otworami do serwowania ulubionych przek\u0105sek i deser\u00f3w w stylu i elegancji.<\/p>\n<p>Gwarantujemy, \u017ce znajdziesz wi\u0119cej ni\u017c kilka ciekawych i kreatywnych zastosowa\u0144 dla tego osza\u0142amiaj\u0105cego szklanego talerza podczas swojej nast\u0119pnej imprezy. Od serwowania deseru po eleganck\u0105 kolacj\u0119, te patery s\u0105 idealne do da\u0144 na ka\u017cd\u0105 okazj\u0119.<\/p>\n","protected":false},"excerpt":{"rendered":"<p>D\u0142ugo\u015b\u0107: 28 cm<br \/>\nSzeroko\u015b\u0107: 28 cm<br \/>\nWysoko\u015b\u0107: 3 cm<\/p>\n","protected":false},"featured_media":740,"template":"","meta":[],"product_cat":[206,222,194],"product_tag":[],"_links":{"self":[{"href":"https:\/\/glassheritagecentre.com\/pl\/wp-json\/wp\/v2\/product\/3489"}],"collection":[{"href":"https:\/\/glassheritagecentre.com\/pl\/wp-json\/wp\/v2\/product"}],"about":[{"href":"https:\/\/glassheritagecentre.com\/pl\/wp-json\/wp\/v2\/types\/product"}],"wp:featuredmedia":[{"embeddable":true,"href":"https:\/\/glassheritagecentre.com\/pl\/wp-json\/wp\/v2\/media\/740"}],"wp:attachment":[{"href":"https:\/\/glassheritagecentre.com\/pl\/wp-json\/wp\/v2\/media?parent=3489"}],"wp:term":[{"taxonomy":"product_cat","embeddable":true,"href":"https:\/\/glassheritagecentre.com\/pl\/wp-json\/wp\/v2\/product_cat?post=3489"},{"taxonomy":"product_tag","embeddable":true,"href":"https:\/\/glassheritagecentre.com\/pl\/wp-json\/wp\/v2\/product_tag?post=3489"}],"curies":[{"name":"wp","href":"https:\/\/api.w.org\/{rel}","templated":true}]}}