{"id":3488,"date":"2022-07-18T13:15:27","date_gmt":"2022-07-18T11:22:53","guid":{"rendered":"https:\/\/glassheritagecentre.com\/szklana-patera-inverno\/"},"modified":"2022-07-18T13:22:54","modified_gmt":"2022-07-18T11:22:54","slug":"szklana-patera-inverno","status":"publish","type":"product","link":"https:\/\/glassheritagecentre.com\/pl\/szklana-patera-inverno\/","title":{"rendered":"Szklana Patera Inverno"},"content":{"rendered":"<p>Oczaruj swoich go\u015bci naszymi wykwintnymi, wysokiej jako\u015bci paterami. Centrum Dziedzictwa Szk\u0142a oferuje szereg kszta\u0142t\u00f3w i rozmiar\u00f3w, kt\u00f3re s\u0105 idealne na ka\u017cd\u0105 okazj\u0119. Oferujemy co\u015b dla ka\u017cdego, niezale\u017cnie od tego, czy jest to najnowszy trend, czy nostalgiczny skarb. Wszystkie kolory mo\u017cna dostosowa\u0107 do wystroju wn\u0119trza.<\/p>\n<p>Szklane patery mog\u0105 u\u0142atwi\u0107 \u017cycie w kuchni i udekorowa\u0107 st\u00f3\u0142. W Centrum Dziedzictwa Szk\u0142a oferujemy oryginalne r\u0119cznie wytwarzane patery w r\u00f3\u017cnych rozmiarach i kszta\u0142tach. Bez wzgl\u0119du na to, jak\u0105 funkcj\u0119 ma pe\u0142ni\u0107 patera na Twoim wydarzeniu, mo\u017cemy j\u0105 spersonalizowa\u0107 specjalnie dla Ciebie.<\/p>\n","protected":false},"excerpt":{"rendered":"<p>D\u0142ugo\u015b\u0107: 28 cm<br \/>\nSzeroko\u015b\u0107: 28 cm<br \/>\nWysoko\u015b\u0107: 3 cm<\/p>\n","protected":false},"featured_media":731,"template":"","meta":[],"product_cat":[206,222,194],"product_tag":[],"_links":{"self":[{"href":"https:\/\/glassheritagecentre.com\/pl\/wp-json\/wp\/v2\/product\/3488"}],"collection":[{"href":"https:\/\/glassheritagecentre.com\/pl\/wp-json\/wp\/v2\/product"}],"about":[{"href":"https:\/\/glassheritagecentre.com\/pl\/wp-json\/wp\/v2\/types\/product"}],"wp:featuredmedia":[{"embeddable":true,"href":"https:\/\/glassheritagecentre.com\/pl\/wp-json\/wp\/v2\/media\/731"}],"wp:attachment":[{"href":"https:\/\/glassheritagecentre.com\/pl\/wp-json\/wp\/v2\/media?parent=3488"}],"wp:term":[{"taxonomy":"product_cat","embeddable":true,"href":"https:\/\/glassheritagecentre.com\/pl\/wp-json\/wp\/v2\/product_cat?post=3488"},{"taxonomy":"product_tag","embeddable":true,"href":"https:\/\/glassheritagecentre.com\/pl\/wp-json\/wp\/v2\/product_tag?post=3488"}],"curies":[{"name":"wp","href":"https:\/\/api.w.org\/{rel}","templated":true}]}}