{"id":3487,"date":"2022-07-18T13:15:27","date_gmt":"2022-07-18T11:22:53","guid":{"rendered":"https:\/\/glassheritagecentre.com\/szklana-patera-natura\/"},"modified":"2022-07-18T13:22:54","modified_gmt":"2022-07-18T11:22:54","slug":"szklana-patera-natura","status":"publish","type":"product","link":"https:\/\/glassheritagecentre.com\/pl\/szklana-patera-natura\/","title":{"rendered":"Szklana Patera Natura"},"content":{"rendered":"<p>Umieszczona pomi\u0119dzy ulubionymi ksi\u0105\u017ckami i najlepszymi pami\u0105tkami, szklana patera jest idealnym towarzyszem. Sprawia, \u017ce \u200b\u200bd\u0142ugie zimowe noce s\u0105 bardziej kolorowe dzi\u0119ki szklanemu b\u0142yskowi; wprowadza rozmowy przy rodzinnym obiedzie na nowy poziom zapa\u0142u; a jako oryginalne dzie\u0142o sztuki wykonane r\u0119cznie w The Glass Heritage Center, jego ponadczasowe pi\u0119kno sprawi, \u017ce ka\u017cda okazja b\u0119dzie wyj\u0105tkowa. Z tak\u0105 czysto\u015bci\u0105 i wyrafinowaniem prezentowanym w ka\u017cdym oferowanym przez nas produkcie, nie mo\u017cesz si\u0119 pomyli\u0107 wybieraj\u0105c ten elegancki spos\u00f3b serwowania ka\u017cdego dania \u2014 niezale\u017cnie od pory roku. Artyst\u00f3w z GHC ju\u017c od ponad 100 lat cechuje kunszt i tw\u00f3rcza dba\u0142o\u015b\u0107 o szczeg\u00f3\u0142y.<\/p>\n","protected":false},"excerpt":{"rendered":"<p>D\u0142ugo\u015b\u0107: 15 cm<br \/>\nSzeroko\u015b\u0107: 15 cm<br \/>\nWysoko\u015b\u0107: 3 cm<\/p>\n","protected":false},"featured_media":719,"template":"","meta":[],"product_cat":[206,222,194],"product_tag":[],"_links":{"self":[{"href":"https:\/\/glassheritagecentre.com\/pl\/wp-json\/wp\/v2\/product\/3487"}],"collection":[{"href":"https:\/\/glassheritagecentre.com\/pl\/wp-json\/wp\/v2\/product"}],"about":[{"href":"https:\/\/glassheritagecentre.com\/pl\/wp-json\/wp\/v2\/types\/product"}],"wp:featuredmedia":[{"embeddable":true,"href":"https:\/\/glassheritagecentre.com\/pl\/wp-json\/wp\/v2\/media\/719"}],"wp:attachment":[{"href":"https:\/\/glassheritagecentre.com\/pl\/wp-json\/wp\/v2\/media?parent=3487"}],"wp:term":[{"taxonomy":"product_cat","embeddable":true,"href":"https:\/\/glassheritagecentre.com\/pl\/wp-json\/wp\/v2\/product_cat?post=3487"},{"taxonomy":"product_tag","embeddable":true,"href":"https:\/\/glassheritagecentre.com\/pl\/wp-json\/wp\/v2\/product_tag?post=3487"}],"curies":[{"name":"wp","href":"https:\/\/api.w.org\/{rel}","templated":true}]}}