{"id":3486,"date":"2022-07-18T13:15:27","date_gmt":"2022-07-18T11:22:53","guid":{"rendered":"https:\/\/glassheritagecentre.com\/szklana-patera-herbs\/"},"modified":"2022-07-18T13:22:53","modified_gmt":"2022-07-18T11:22:53","slug":"szklana-patera-herbs","status":"publish","type":"product","link":"https:\/\/glassheritagecentre.com\/pl\/szklana-patera-herbs\/","title":{"rendered":"Szklana Patera Herbs"},"content":{"rendered":"<p>Nasza szklana patera mo\u017ce pochwali\u0107 si\u0119 Twoim gustem przed wszystkimi ukochanymi! Szklany talerz, zwany r\u00f3wnie\u017c pater\u0105, jest idealny do serwowania drobnych da\u0144, kt\u00f3re zwykle znajduj\u0105 zastosowanie w ciastach i deserach. Od winogron posypanych serem po wymy\u015blne wypieki \u015bniadaniowe, na tym eleganckim szklanym naczyniu wszystko p\u00f3jdzie dobrze. Szklane patery maj\u0105 wiele zalet w por\u00f3wnaniu z tradycyjnymi naczyniami. S\u0105 zar\u00f3wno trwa\u0142e, jak i niepowtarzalne, nie s\u0105 zbyt ci\u0119\u017ckie ani kruche jak talerze ceramiczne &#8211; stanowi\u0105 wyj\u0105tkowy element w ka\u017cdym otoczeniu! Zachowaj rozrywk\u0119 przy swoim stole dzi\u0119ki tym stylowym elementom, kt\u00f3re b\u0119dziesz chcia\u0142 mie\u0107 ze sob\u0105 na zawsze.<\/p>\n","protected":false},"excerpt":{"rendered":"<p>D\u0142ugo\u015b\u0107: 20 cm<br \/>\nSzeroko\u015b\u0107: 20 cm<br \/>\nWysoko\u015b\u0107: 4 cm<\/p>\n","protected":false},"featured_media":710,"template":"","meta":[],"product_cat":[206,222,194],"product_tag":[],"_links":{"self":[{"href":"https:\/\/glassheritagecentre.com\/pl\/wp-json\/wp\/v2\/product\/3486"}],"collection":[{"href":"https:\/\/glassheritagecentre.com\/pl\/wp-json\/wp\/v2\/product"}],"about":[{"href":"https:\/\/glassheritagecentre.com\/pl\/wp-json\/wp\/v2\/types\/product"}],"wp:featuredmedia":[{"embeddable":true,"href":"https:\/\/glassheritagecentre.com\/pl\/wp-json\/wp\/v2\/media\/710"}],"wp:attachment":[{"href":"https:\/\/glassheritagecentre.com\/pl\/wp-json\/wp\/v2\/media?parent=3486"}],"wp:term":[{"taxonomy":"product_cat","embeddable":true,"href":"https:\/\/glassheritagecentre.com\/pl\/wp-json\/wp\/v2\/product_cat?post=3486"},{"taxonomy":"product_tag","embeddable":true,"href":"https:\/\/glassheritagecentre.com\/pl\/wp-json\/wp\/v2\/product_tag?post=3486"}],"curies":[{"name":"wp","href":"https:\/\/api.w.org\/{rel}","templated":true}]}}