{"id":3485,"date":"2022-07-18T13:15:13","date_gmt":"2022-07-18T11:22:38","guid":{"rendered":"https:\/\/glassheritagecentre.com\/szklana-patera-erba\/"},"modified":"2022-07-18T13:22:51","modified_gmt":"2022-07-18T11:22:51","slug":"szklana-patera-erba","status":"publish","type":"product","link":"https:\/\/glassheritagecentre.com\/pl\/szklana-patera-erba\/","title":{"rendered":"Szklana Patera Erba"},"content":{"rendered":"<p>Szklane patery doskonale nadaj\u0105 si\u0119 do serwowania potraw w ka\u017cdym \u015brodowisku. Wyst\u0119puj\u0105 w r\u00f3\u017cnych kszta\u0142tach i kolorach, kt\u00f3re uzupe\u0142ni\u0105 wystr\u00f3j Twojej kuchni lub sto\u0142u. Od ma\u0142ych kwadratowych pater po okr\u0105g\u0142e talerze, mamy w naszej ofercie wszystko to, czego potrzebujesz!<\/p>\n<p>R\u0119cznie robione szklane patery to oryginalny, pomys\u0142owy spos\u00f3b na serwowanie potraw na ka\u017cd\u0105 okazj\u0119. Pomagaj\u0105 wnie\u015b\u0107 elegancj\u0119 do Twojego sto\u0142u i oferuj\u0105 szerok\u0105 gam\u0119 styl\u00f3w do wyboru, dzi\u0119ki czemu szklana patera idealnie dopasuje si\u0119 do Twojego indywidualnego gustu.<\/p>\n","protected":false},"excerpt":{"rendered":"<p>D\u0142ugo\u015b\u0107: 28 cm<br \/>\nSzeroko\u015b\u0107: 28 cm<br \/>\nWysoko\u015b\u0107: 5 cm<\/p>\n","protected":false},"featured_media":701,"template":"","meta":[],"product_cat":[206,222,194],"product_tag":[],"_links":{"self":[{"href":"https:\/\/glassheritagecentre.com\/pl\/wp-json\/wp\/v2\/product\/3485"}],"collection":[{"href":"https:\/\/glassheritagecentre.com\/pl\/wp-json\/wp\/v2\/product"}],"about":[{"href":"https:\/\/glassheritagecentre.com\/pl\/wp-json\/wp\/v2\/types\/product"}],"wp:featuredmedia":[{"embeddable":true,"href":"https:\/\/glassheritagecentre.com\/pl\/wp-json\/wp\/v2\/media\/701"}],"wp:attachment":[{"href":"https:\/\/glassheritagecentre.com\/pl\/wp-json\/wp\/v2\/media?parent=3485"}],"wp:term":[{"taxonomy":"product_cat","embeddable":true,"href":"https:\/\/glassheritagecentre.com\/pl\/wp-json\/wp\/v2\/product_cat?post=3485"},{"taxonomy":"product_tag","embeddable":true,"href":"https:\/\/glassheritagecentre.com\/pl\/wp-json\/wp\/v2\/product_tag?post=3485"}],"curies":[{"name":"wp","href":"https:\/\/api.w.org\/{rel}","templated":true}]}}