{"id":3484,"date":"2022-07-18T13:15:13","date_gmt":"2022-07-18T11:22:38","guid":{"rendered":"https:\/\/glassheritagecentre.com\/szklana-patera-lagoon\/"},"modified":"2022-07-18T13:22:50","modified_gmt":"2022-07-18T11:22:50","slug":"szklana-patera-lagoon","status":"publish","type":"product","link":"https:\/\/glassheritagecentre.com\/pl\/szklana-patera-lagoon\/","title":{"rendered":"Szklana Patera Lagoon"},"content":{"rendered":"<p>Szklane patery to elegancki i innowacyjny spos\u00f3b serwowania potraw. S\u0105 przyk\u0142adem wystroju domu z funkcjonalno\u015bci\u0105, idealne na przyj\u0119cia, grille na \u015bwie\u017cym powietrzu czy uroczyste kolacje. U\u017cywaj ich jako naczy\u0144 do sos\u00f3w lub przystawek na wi\u0119ksze spotkania lub po prostu szk\u0142a, kt\u00f3re mo\u017cesz wykorzysta\u0107 w dowolnym momencie na przyj\u0119ciu!<\/p>\n<p>Szklana patera to doskona\u0142y spos\u00f3b na serwowanie wykwintnych przek\u0105sek, ciast i owoc\u00f3w. Oferujemy oryginalne dzie\u0142a sztuki autorstwa artyst\u00f3w z Centrum Dziedzictwa Szk\u0142a.<\/p>\n","protected":false},"excerpt":{"rendered":"<p>D\u0142ugo\u015b\u0107: 15 cm<br \/>\nSzeroko\u015b\u0107: 15 cm<br \/>\nWysoko\u015b\u0107: 3 cm<\/p>\n","protected":false},"featured_media":689,"template":"","meta":[],"product_cat":[206,222,194],"product_tag":[],"_links":{"self":[{"href":"https:\/\/glassheritagecentre.com\/pl\/wp-json\/wp\/v2\/product\/3484"}],"collection":[{"href":"https:\/\/glassheritagecentre.com\/pl\/wp-json\/wp\/v2\/product"}],"about":[{"href":"https:\/\/glassheritagecentre.com\/pl\/wp-json\/wp\/v2\/types\/product"}],"wp:featuredmedia":[{"embeddable":true,"href":"https:\/\/glassheritagecentre.com\/pl\/wp-json\/wp\/v2\/media\/689"}],"wp:attachment":[{"href":"https:\/\/glassheritagecentre.com\/pl\/wp-json\/wp\/v2\/media?parent=3484"}],"wp:term":[{"taxonomy":"product_cat","embeddable":true,"href":"https:\/\/glassheritagecentre.com\/pl\/wp-json\/wp\/v2\/product_cat?post=3484"},{"taxonomy":"product_tag","embeddable":true,"href":"https:\/\/glassheritagecentre.com\/pl\/wp-json\/wp\/v2\/product_tag?post=3484"}],"curies":[{"name":"wp","href":"https:\/\/api.w.org\/{rel}","templated":true}]}}