{"id":3483,"date":"2022-07-18T13:15:13","date_gmt":"2022-07-18T11:22:38","guid":{"rendered":"https:\/\/glassheritagecentre.com\/szklana-patera-baia\/"},"modified":"2022-07-18T13:22:49","modified_gmt":"2022-07-18T11:22:49","slug":"szklana-patera-baia","status":"publish","type":"product","link":"https:\/\/glassheritagecentre.com\/pl\/szklana-patera-baia\/","title":{"rendered":"Szklana Patera Baia"},"content":{"rendered":"<p>Idealny dodatek do ka\u017cdego eleganckiego domu, te r\u0119cznie wykonane patery od szklanych artyst\u00f3w z Glass Heritage Center oferuj\u0105 osza\u0142amiaj\u0105cy efekt dla twoich ulubionych przek\u0105sek. Podnosz\u0105c warto\u015b\u0107 ka\u017cdego sto\u0142u za pomoc\u0105 eleganckiego i przyci\u0105gaj\u0105cego wzrok elementu centralnego, patera mo\u017ce by\u0107 wyj\u0105tkowo osobist\u0105 inwestycj\u0105, kt\u00f3ra nigdy nie wyjdzie z mody. Od pokole\u0144 jeste\u015bmy mistrzami w technice kszta\u0142towania szk\u0142a w pi\u0119knie wytworne dzie\u0142a, kt\u00f3re s\u0105 misternie szczeg\u00f3\u0142owe i niezaprzeczalnie oryginalne. Od klasycznych styl\u00f3w po nowoczesne, wymagaj\u0105ce projekty, nasza obszerna kolekcja ma co\u015b wyj\u0105tkowego, co mo\u017cna doda\u0107 zar\u00f3wno do sto\u0142\u00f3w formalnych, jak i zwyk\u0142ych.<\/p>\n<p>Patery szklane doskonale nadaj\u0105 si\u0119 na wszelkiego rodzaju imprezy. Niezale\u017cnie od tego, czy organizujesz przyj\u0119cie urodzinowe, kolacj\u0119, czy eleganckie przyj\u0119cie, nadadz\u0105 Twojemu sto\u0142owi najpi\u0119kniejszy wygl\u0105d!<\/p>\n","protected":false},"excerpt":{"rendered":"<p>D\u0142ugo\u015b\u0107: 28 cm<br \/>\nSzeroko\u015b\u0107: 28 cm<br \/>\nWysoko\u015b\u0107: 5 cm<\/p>\n","protected":false},"featured_media":680,"template":"","meta":[],"product_cat":[206,222,194],"product_tag":[],"_links":{"self":[{"href":"https:\/\/glassheritagecentre.com\/pl\/wp-json\/wp\/v2\/product\/3483"}],"collection":[{"href":"https:\/\/glassheritagecentre.com\/pl\/wp-json\/wp\/v2\/product"}],"about":[{"href":"https:\/\/glassheritagecentre.com\/pl\/wp-json\/wp\/v2\/types\/product"}],"wp:featuredmedia":[{"embeddable":true,"href":"https:\/\/glassheritagecentre.com\/pl\/wp-json\/wp\/v2\/media\/680"}],"wp:attachment":[{"href":"https:\/\/glassheritagecentre.com\/pl\/wp-json\/wp\/v2\/media?parent=3483"}],"wp:term":[{"taxonomy":"product_cat","embeddable":true,"href":"https:\/\/glassheritagecentre.com\/pl\/wp-json\/wp\/v2\/product_cat?post=3483"},{"taxonomy":"product_tag","embeddable":true,"href":"https:\/\/glassheritagecentre.com\/pl\/wp-json\/wp\/v2\/product_tag?post=3483"}],"curies":[{"name":"wp","href":"https:\/\/api.w.org\/{rel}","templated":true}]}}