{"id":3482,"date":"2022-07-18T13:15:13","date_gmt":"2022-07-18T11:22:38","guid":{"rendered":"https:\/\/glassheritagecentre.com\/szklana-patera-laguna\/"},"modified":"2022-07-18T13:22:49","modified_gmt":"2022-07-18T11:22:49","slug":"szklana-patera-laguna","status":"publish","type":"product","link":"https:\/\/glassheritagecentre.com\/pl\/szklana-patera-laguna\/","title":{"rendered":"Szklana Patera Laguna"},"content":{"rendered":"<p>Centrum Dziedzictwa Szk\u0142a z dum\u0105 przedstawia jeden ze swoich najbardziej delikatnych i szczeg\u00f3\u0142owych element\u00f3w: szklana patera. Wspania\u0142y, trwa\u0142y i wszechstronny element, idealny zar\u00f3wno do codziennego, jak i formalnego u\u017cytku. Niezale\u017cnie od tego, czy organizujesz proste spotkanie z winem i serem, czy eleganckie przyj\u0119cie z wielodaniow\u0105 obs\u0142ug\u0105 posi\u0142k\u00f3w, ten wspania\u0142y dodatek z pewno\u015bci\u0105 zadowoli Twoich go\u015bci, a tak\u017ce zapewni pe\u0142n\u0105 kreatywn\u0105 ekspresj\u0119 w planowaniu menu! Wybierz z naszej szerokiej gamy pater, kt\u00f3re s\u0105 teraz dost\u0119pne online. Patery o \u015bcis\u0142ych oprawach to eleganckie przyk\u0142ady minimalistycznego artyzmu dla tych, kt\u00f3rzy szukaj\u0105 czego\u015b, co mo\u017cna szybko ustawi\u0107 na dowolnym stole.<\/p>\n<p>Je\u015bli szukasz przykuwaj\u0105cych wzrok pater na niezapomniane desery, niezobowi\u0105zuj\u0105ce rodzinne spotkania z przyjaci\u00f3\u0142mi lub wyrafinowane podwieczorki, kt\u00f3re wyr\u00f3\u017cni\u0105 Twoje wydarzenie na tle innych, to patery z Glass Heritage s\u0105 w\u0142a\u015bnie dla Ciebie.<\/p>\n<p>Nasza kolekcja obejmuje oryginalne, kreatywne dzie\u0142a ze szk\u0142a, kt\u00f3re s\u0105 wykonane z niezwyk\u0142\u0105 umiej\u0119tno\u015bci\u0105 i mi\u0142o\u015bci\u0105 przez utalentowanych rzemie\u015blnik\u00f3w w The Glass Heritage Center. W ofercie pater, posiadamy r\u00f3wnie\u017c klasyczne formy dla naszych klient\u00f3w, kt\u00f3rzy nie chc\u0105 wyr\u00f3\u017cnia\u0107 si\u0119 swoimi preferencjami, ale chc\u0105 czego\u015b osza\u0142amiaj\u0105cego wizualnie.<\/p>\n","protected":false},"excerpt":{"rendered":"<p>D\u0142ugo\u015b\u0107: 28 cm<br \/>\nSzeroko\u015b\u0107: 28 cm<br \/>\nWysoko\u015b\u0107: 5 cm<\/p>\n","protected":false},"featured_media":671,"template":"","meta":[],"product_cat":[206,222,194],"product_tag":[],"_links":{"self":[{"href":"https:\/\/glassheritagecentre.com\/pl\/wp-json\/wp\/v2\/product\/3482"}],"collection":[{"href":"https:\/\/glassheritagecentre.com\/pl\/wp-json\/wp\/v2\/product"}],"about":[{"href":"https:\/\/glassheritagecentre.com\/pl\/wp-json\/wp\/v2\/types\/product"}],"wp:featuredmedia":[{"embeddable":true,"href":"https:\/\/glassheritagecentre.com\/pl\/wp-json\/wp\/v2\/media\/671"}],"wp:attachment":[{"href":"https:\/\/glassheritagecentre.com\/pl\/wp-json\/wp\/v2\/media?parent=3482"}],"wp:term":[{"taxonomy":"product_cat","embeddable":true,"href":"https:\/\/glassheritagecentre.com\/pl\/wp-json\/wp\/v2\/product_cat?post=3482"},{"taxonomy":"product_tag","embeddable":true,"href":"https:\/\/glassheritagecentre.com\/pl\/wp-json\/wp\/v2\/product_tag?post=3482"}],"curies":[{"name":"wp","href":"https:\/\/api.w.org\/{rel}","templated":true}]}}