{"id":3481,"date":"2022-07-18T13:15:13","date_gmt":"2022-07-18T11:22:38","guid":{"rendered":"https:\/\/glassheritagecentre.com\/szklana-patera-kayak\/"},"modified":"2022-07-18T13:22:48","modified_gmt":"2022-07-18T11:22:48","slug":"szklana-patera-kayak","status":"publish","type":"product","link":"https:\/\/glassheritagecentre.com\/pl\/szklana-patera-kayak\/","title":{"rendered":"Szklana Patera Kayak"},"content":{"rendered":"<p>Pi\u0119knie zaprojektowana, nasza najnowsza kolekcja to zar\u00f3wno eleganckie kszta\u0142ty, jak i proste, tradycyjne dla tych, kt\u00f3rzy preferuj\u0105 nieskomplikowany styl. Tw\u00f3j wystr\u00f3j zmieni si\u0119 dzi\u0119ki jednej z tych charakterystycznych pater i masz gwarancj\u0119, \u017ce zachwycisz swoich go\u015bci najnowsz\u0105 uwodzicielsko po\u0142yskuj\u0105c\u0105 zastaw\u0105 sto\u0142ow\u0105.<\/p>\n<p>Ta precyzyjnie wykonana szklana patera to ponadczasowy skarb, kt\u00f3ry mo\u017ce by\u0107 centralnym elementem pokoju lub idealnym akcentem na st\u00f3\u0142. Glass Heritage Centre od ponad 100 lat dostarcza swoim klientom kreatywne i oryginalne projekty. Zapraszamy!<\/p>\n","protected":false},"excerpt":{"rendered":"<p>D\u0142ugo\u015b\u0107: 33 cm<br \/>\nSzeroko\u015b\u0107: 33 cm<br \/>\nWysoko\u015b\u0107: 8 cm<\/p>\n","protected":false},"featured_media":659,"template":"","meta":[],"product_cat":[206,222,194],"product_tag":[],"_links":{"self":[{"href":"https:\/\/glassheritagecentre.com\/pl\/wp-json\/wp\/v2\/product\/3481"}],"collection":[{"href":"https:\/\/glassheritagecentre.com\/pl\/wp-json\/wp\/v2\/product"}],"about":[{"href":"https:\/\/glassheritagecentre.com\/pl\/wp-json\/wp\/v2\/types\/product"}],"wp:featuredmedia":[{"embeddable":true,"href":"https:\/\/glassheritagecentre.com\/pl\/wp-json\/wp\/v2\/media\/659"}],"wp:attachment":[{"href":"https:\/\/glassheritagecentre.com\/pl\/wp-json\/wp\/v2\/media?parent=3481"}],"wp:term":[{"taxonomy":"product_cat","embeddable":true,"href":"https:\/\/glassheritagecentre.com\/pl\/wp-json\/wp\/v2\/product_cat?post=3481"},{"taxonomy":"product_tag","embeddable":true,"href":"https:\/\/glassheritagecentre.com\/pl\/wp-json\/wp\/v2\/product_tag?post=3481"}],"curies":[{"name":"wp","href":"https:\/\/api.w.org\/{rel}","templated":true}]}}