{"id":3480,"date":"2022-07-18T13:15:13","date_gmt":"2022-07-18T11:22:38","guid":{"rendered":"https:\/\/glassheritagecentre.com\/szklana-patera-vortice\/"},"modified":"2022-07-18T13:22:48","modified_gmt":"2022-07-18T11:22:48","slug":"szklana-patera-vortice","status":"publish","type":"product","link":"https:\/\/glassheritagecentre.com\/pl\/szklana-patera-vortice\/","title":{"rendered":"Szklana Patera Vortice"},"content":{"rendered":"<p>Je\u015bli szukasz wyj\u0105tkowego sposobu na udekorowanie sto\u0142u, serwowanie potraw lub po prostu kochasz produkty ze szk\u0142a ta patera jest w\u0142a\u015bnie dla Ciebie. R\u0119cznie wykonane, z dba\u0142o\u015bci\u0105 o ka\u017cdy detal, w Glass Heritage Centre w Polsce. Dzi\u0119ki artystycznemu zaawansowaniu i klasycznej formie jest to jedna z naszych najpopularniejszych pozycji w\u015br\u00f3d kolekcjoner\u00f3w sztuki, entuzjast\u00f3w, smakoszy i mi\u0142o\u015bnik\u00f3w designu.<\/p>\n<p>Znane ze swojego pi\u0119kna, Glass Heritage Centre specjalizuje si\u0119 w niestandardowych, r\u0119cznie robionych szklanych paterach wysokiej jako\u015bci, idealnych na ka\u017cd\u0105 okazj\u0119. Od oryginalnych, a jednocze\u015bnie wsp\u00f3\u0142czesnych kszta\u0142t\u00f3w po klasyczne proste formy, oferujemy dok\u0142adnie to, czego potrzebujesz, aby Twoje wydarzenie naprawd\u0119 si\u0119 wyr\u00f3\u017cnia\u0142o. Niezale\u017cnie od tego, czy organizujesz uroczyst\u0105 kolacj\u0119, czy \u015bwi\u0119tujesz specjalne okazje z bliskimi, nasze osza\u0142amiaj\u0105ce patery zrobi\u0105 wielkie wra\u017cenie na ka\u017cdym stole.<\/p>\n","protected":false},"excerpt":{"rendered":"<p>D\u0142ugo\u015b\u0107: 33 cm<br \/>\nSzeroko\u015b\u0107: 33 cm<br \/>\nWysoko\u015b\u0107: 8 cm<\/p>\n","protected":false},"featured_media":650,"template":"","meta":[],"product_cat":[206,222,194],"product_tag":[],"_links":{"self":[{"href":"https:\/\/glassheritagecentre.com\/pl\/wp-json\/wp\/v2\/product\/3480"}],"collection":[{"href":"https:\/\/glassheritagecentre.com\/pl\/wp-json\/wp\/v2\/product"}],"about":[{"href":"https:\/\/glassheritagecentre.com\/pl\/wp-json\/wp\/v2\/types\/product"}],"wp:featuredmedia":[{"embeddable":true,"href":"https:\/\/glassheritagecentre.com\/pl\/wp-json\/wp\/v2\/media\/650"}],"wp:attachment":[{"href":"https:\/\/glassheritagecentre.com\/pl\/wp-json\/wp\/v2\/media?parent=3480"}],"wp:term":[{"taxonomy":"product_cat","embeddable":true,"href":"https:\/\/glassheritagecentre.com\/pl\/wp-json\/wp\/v2\/product_cat?post=3480"},{"taxonomy":"product_tag","embeddable":true,"href":"https:\/\/glassheritagecentre.com\/pl\/wp-json\/wp\/v2\/product_tag?post=3480"}],"curies":[{"name":"wp","href":"https:\/\/api.w.org\/{rel}","templated":true}]}}