{"id":3479,"date":"2022-07-18T13:15:13","date_gmt":"2022-07-18T11:22:38","guid":{"rendered":"https:\/\/glassheritagecentre.com\/szklana-patera-vecchia\/"},"modified":"2022-07-18T13:22:47","modified_gmt":"2022-07-18T11:22:47","slug":"szklana-patera-vecchia","status":"publish","type":"product","link":"https:\/\/glassheritagecentre.com\/pl\/szklana-patera-vecchia\/","title":{"rendered":"Szklana Patera Vecchia"},"content":{"rendered":"<p>Przekonaj si\u0119, \u017ce szklana patera mo\u017ce by\u0107 u\u017cywana w domu na wiele kreatywnych sposob\u00f3w. Niezale\u017cnie od tego, czy wystawiasz \u015bwie\u017ce owoce i ser, podajesz dobre wino, czy po prostu delektujesz si\u0119 ulubionym ciastem z przyjaci\u00f3\u0142mi, nie ma dania zbyt trudnego dla tego uniwersalnego talerza.<\/p>\n<p>Pi\u0119kna r\u0119cznie wykonana patera do zaakcentowania Twojego wystroju. Niezwyk\u0142a kolorystyka sprawia, \u017ce jest jedyna w swoim rodzaju i doskonale nadaje si\u0119 do dekoracji domu lub serwowania potraw na spotkaniach towarzyskich.<\/p>\n<p>To niezwyk\u0142e i jedyne w swoim rodzaju dzie\u0142o sztuki. Ta szklana patera jest r\u0119cznie robiona przez artyst\u00f3w z Centrum Dziedzictwa Szk\u0142a i ma pi\u0119kn\u0105 r\u00f3\u017cnorodno\u015b\u0107 kolor\u00f3w, kt\u00f3re \u0142\u0105cz\u0105 si\u0119 w co\u015b naprawd\u0119 wyj\u0105tkowego.<\/p>\n","protected":false},"excerpt":{"rendered":"<p>D\u0142ugo\u015b\u0107: 33 cm<br \/>\nSzeroko\u015b\u0107: 33 cm<br \/>\nWysoko\u015b\u0107: 8 cm<\/p>\n","protected":false},"featured_media":641,"template":"","meta":[],"product_cat":[206,222,194],"product_tag":[],"_links":{"self":[{"href":"https:\/\/glassheritagecentre.com\/pl\/wp-json\/wp\/v2\/product\/3479"}],"collection":[{"href":"https:\/\/glassheritagecentre.com\/pl\/wp-json\/wp\/v2\/product"}],"about":[{"href":"https:\/\/glassheritagecentre.com\/pl\/wp-json\/wp\/v2\/types\/product"}],"wp:featuredmedia":[{"embeddable":true,"href":"https:\/\/glassheritagecentre.com\/pl\/wp-json\/wp\/v2\/media\/641"}],"wp:attachment":[{"href":"https:\/\/glassheritagecentre.com\/pl\/wp-json\/wp\/v2\/media?parent=3479"}],"wp:term":[{"taxonomy":"product_cat","embeddable":true,"href":"https:\/\/glassheritagecentre.com\/pl\/wp-json\/wp\/v2\/product_cat?post=3479"},{"taxonomy":"product_tag","embeddable":true,"href":"https:\/\/glassheritagecentre.com\/pl\/wp-json\/wp\/v2\/product_tag?post=3479"}],"curies":[{"name":"wp","href":"https:\/\/api.w.org\/{rel}","templated":true}]}}