{"id":3478,"date":"2022-07-18T13:15:13","date_gmt":"2022-07-18T11:22:38","guid":{"rendered":"https:\/\/glassheritagecentre.com\/szklana-patera-bei-vecchi-tempi\/"},"modified":"2022-07-18T13:22:46","modified_gmt":"2022-07-18T11:22:46","slug":"szklana-patera-bei-vecchi-tempi","status":"publish","type":"product","link":"https:\/\/glassheritagecentre.com\/pl\/szklana-patera-bei-vecchi-tempi\/","title":{"rendered":"Szklana Patera Bei vecchi tempi"},"content":{"rendered":"<p>Szklana patera jest uniwersalnym naczyniem do serwowania wszystkiego, od przystawek po sa\u0142atki.  Pi\u0119kny design z zaokr\u0105gleniami, wci\u0119ciami i szczelinami sprzyja optymalnej funkcjonalno\u015bci, zapewniaj\u0105c jednocze\u015bnie estetyczny wygl\u0105d owoc\u00f3w, kt\u00f3re si\u0119 na nim znajduj\u0105.  Mo\u017ce by\u0107 u\u017cywany jako \u015bwiecznik, wazon, a nawet jako uroczy i szykowny pojemnik na potpourri!<\/p>\n<p> Pi\u0119knie zaprojektowany i wykonany z trwa\u0142ego szk\u0142a, ten szklany talerz jest idealny do wystawiania \u017cywno\u015bci lub jako \u015bwiecznik.  Konstrukcja p\u00f3\u0142miska chroni owoce przed przypadkowym st\u0142uczeniem.  Mo\u017cesz j\u0105 r\u00f3wnie\u017c umie\u015bci\u0107 na p\u00f3\u0142ce, komodzie lub parapecie, aby w r\u00f3\u017cnorodny spos\u00f3b urozmaica\u0107 wn\u0119trze swojego domu.<\/p>\n","protected":false},"excerpt":{"rendered":"<p>D\u0142ugo\u015b\u0107: 33 cm<br \/>\nSzeroko\u015b\u0107: 33 cm<br \/>\nWysoko\u015b\u0107: 8 cm<\/p>\n","protected":false},"featured_media":629,"template":"","meta":[],"product_cat":[206,222,194],"product_tag":[],"_links":{"self":[{"href":"https:\/\/glassheritagecentre.com\/pl\/wp-json\/wp\/v2\/product\/3478"}],"collection":[{"href":"https:\/\/glassheritagecentre.com\/pl\/wp-json\/wp\/v2\/product"}],"about":[{"href":"https:\/\/glassheritagecentre.com\/pl\/wp-json\/wp\/v2\/types\/product"}],"wp:featuredmedia":[{"embeddable":true,"href":"https:\/\/glassheritagecentre.com\/pl\/wp-json\/wp\/v2\/media\/629"}],"wp:attachment":[{"href":"https:\/\/glassheritagecentre.com\/pl\/wp-json\/wp\/v2\/media?parent=3478"}],"wp:term":[{"taxonomy":"product_cat","embeddable":true,"href":"https:\/\/glassheritagecentre.com\/pl\/wp-json\/wp\/v2\/product_cat?post=3478"},{"taxonomy":"product_tag","embeddable":true,"href":"https:\/\/glassheritagecentre.com\/pl\/wp-json\/wp\/v2\/product_tag?post=3478"}],"curies":[{"name":"wp","href":"https:\/\/api.w.org\/{rel}","templated":true}]}}