{"id":3477,"date":"2022-07-18T13:15:13","date_gmt":"2022-07-18T11:22:38","guid":{"rendered":"https:\/\/glassheritagecentre.com\/szklana-patera-vento\/"},"modified":"2022-07-18T13:22:46","modified_gmt":"2022-07-18T11:22:46","slug":"szklana-patera-vento","status":"publish","type":"product","link":"https:\/\/glassheritagecentre.com\/pl\/szklana-patera-vento\/","title":{"rendered":"Szklana Patera Vento"},"content":{"rendered":"<p>Idealny prezent dla ka\u017cdego, kto uwielbia si\u0119 bawi\u0107.  Wnie\u015b na sw\u00f3j st\u00f3\u0142 troch\u0119 pi\u0119kna i stylu dzi\u0119ki temu r\u0119cznie malowanemu, dekoracyjnemu szklanemu p\u00f3\u0142miskowi!  Jest to idealny rozmiar do serwowania przystawek, przek\u0105sek, deser\u00f3w lub innych ulubionych potraw.  Ponadto pi\u0119kny design szklanej patery nadaje wyrafinowania ka\u017cdej powierzchni, na kt\u00f3rej j\u0105 umie\u015bcisz.  Podaruj sobie lub swoim bliskim co\u015b, co b\u0119dzie trwa\u0142o wiecznie &#8211; zam\u00f3w ju\u017c dzi\u015b!<\/p>\n<p>Szklana patera to r\u0119cznie malowany, dekoracyjny p\u00f3\u0142misek, kt\u00f3ry dzi\u0119ki swojej wyrazistej szacie graficznej podniesie rang\u0119 Twojego sto\u0142u. Mo\u017ce s\u0142u\u017cy\u0107 do serwowania s\u0142odyczy i owoc\u00f3w lub jako dekoracja do wystroju domu.<\/p>\n","protected":false},"excerpt":{"rendered":"<p>D\u0142ugo\u015b\u0107: 33 cm<br \/>\nSzeroko\u015b\u0107: 33 cm<br \/>\nWysoko\u015b\u0107: 8 cm<\/p>\n","protected":false},"featured_media":614,"template":"","meta":[],"product_cat":[206,222,194],"product_tag":[],"_links":{"self":[{"href":"https:\/\/glassheritagecentre.com\/pl\/wp-json\/wp\/v2\/product\/3477"}],"collection":[{"href":"https:\/\/glassheritagecentre.com\/pl\/wp-json\/wp\/v2\/product"}],"about":[{"href":"https:\/\/glassheritagecentre.com\/pl\/wp-json\/wp\/v2\/types\/product"}],"wp:featuredmedia":[{"embeddable":true,"href":"https:\/\/glassheritagecentre.com\/pl\/wp-json\/wp\/v2\/media\/614"}],"wp:attachment":[{"href":"https:\/\/glassheritagecentre.com\/pl\/wp-json\/wp\/v2\/media?parent=3477"}],"wp:term":[{"taxonomy":"product_cat","embeddable":true,"href":"https:\/\/glassheritagecentre.com\/pl\/wp-json\/wp\/v2\/product_cat?post=3477"},{"taxonomy":"product_tag","embeddable":true,"href":"https:\/\/glassheritagecentre.com\/pl\/wp-json\/wp\/v2\/product_tag?post=3477"}],"curies":[{"name":"wp","href":"https:\/\/api.w.org\/{rel}","templated":true}]}}