{"id":3476,"date":"2022-07-18T13:15:13","date_gmt":"2022-07-18T11:22:38","guid":{"rendered":"https:\/\/glassheritagecentre.com\/szklana-patera-mare\/"},"modified":"2022-07-18T13:22:45","modified_gmt":"2022-07-18T11:22:45","slug":"szklana-patera-mare","status":"publish","type":"product","link":"https:\/\/glassheritagecentre.com\/pl\/szklana-patera-mare\/","title":{"rendered":"Szklana Patera Mare"},"content":{"rendered":"<p>Szklane patery dodaj\u0105 wyrafinowania ka\u017cdemu sto\u0142owi jadalnemu. Nasze trwa\u0142e szklane patery s\u0105 dost\u0119pne w r\u00f3\u017cnych kszta\u0142tach i rozmiarach, od skromnych zastaw sto\u0142owych na domowe obiady po du\u017ce p\u00f3\u0142miski do przewo\u017cenia jedzenia na przyj\u0119ciach. Ka\u017cdy z nich jest zaprojektowany z trosk\u0105 i uwag\u0105 przez mistrz\u00f3w polskiego rzemios\u0142a, co gwarantuje nie tylko elegancj\u0119, ale r\u00f3wnie\u017c ukazanie Twoich najlepszych kulinarnych wysi\u0142k\u00f3w!<\/p>\n<p>Szklana patera jest idealnym akcentem na blacie. Stanowi\u0105 wspania\u0142\u0105 ozdob\u0119 do serwowania da\u0144 na ka\u017cd\u0105 okazj\u0119, a jednocze\u015bnie dodaj\u0105 dodatkowego uroku i elegancji Twojemu sto\u0142owi. Te doskona\u0142e w nowoczesnym wzornictwie patery s\u0105 dost\u0119pne w r\u00f3\u017cnych rozmiarach i r\u00f3\u017cnych wzorach, tak aby zaspokoi\u0142y potrzeby ka\u017cdego domu!<\/p>\n","protected":false},"excerpt":{"rendered":"<p>D\u0142ugo\u015b\u0107: 33 cm<br \/>\nSzeroko\u015b\u0107: 33 cm<br \/>\nWysoko\u015b\u0107: 8 cm<\/p>\n","protected":false},"featured_media":599,"template":"","meta":[],"product_cat":[206,222,194],"product_tag":[],"_links":{"self":[{"href":"https:\/\/glassheritagecentre.com\/pl\/wp-json\/wp\/v2\/product\/3476"}],"collection":[{"href":"https:\/\/glassheritagecentre.com\/pl\/wp-json\/wp\/v2\/product"}],"about":[{"href":"https:\/\/glassheritagecentre.com\/pl\/wp-json\/wp\/v2\/types\/product"}],"wp:featuredmedia":[{"embeddable":true,"href":"https:\/\/glassheritagecentre.com\/pl\/wp-json\/wp\/v2\/media\/599"}],"wp:attachment":[{"href":"https:\/\/glassheritagecentre.com\/pl\/wp-json\/wp\/v2\/media?parent=3476"}],"wp:term":[{"taxonomy":"product_cat","embeddable":true,"href":"https:\/\/glassheritagecentre.com\/pl\/wp-json\/wp\/v2\/product_cat?post=3476"},{"taxonomy":"product_tag","embeddable":true,"href":"https:\/\/glassheritagecentre.com\/pl\/wp-json\/wp\/v2\/product_tag?post=3476"}],"curies":[{"name":"wp","href":"https:\/\/api.w.org\/{rel}","templated":true}]}}