{"id":3475,"date":"2022-07-18T13:15:13","date_gmt":"2022-07-18T11:22:38","guid":{"rendered":"https:\/\/glassheritagecentre.com\/szklana-patera-onde\/"},"modified":"2022-07-18T13:22:44","modified_gmt":"2022-07-18T11:22:44","slug":"szklana-patera-onde","status":"publish","type":"product","link":"https:\/\/glassheritagecentre.com\/pl\/szklana-patera-onde\/","title":{"rendered":"Szklana Patera Onde"},"content":{"rendered":"<p>Oryginalna szklana patera marki GHC w kolorze pomara\u0144czowym nigdy nie by\u0142a \u0142atwiejsza do znalezienia ni\u017c tutaj, w mi\u0119dzynarodowym sklepie GHC.<\/p>\n<p>Kto by pomy\u015bla\u0142, \u017ce jedna ma\u0142a szklana patera mo\u017ce znale\u017a\u0107 tak wiele zastosowa\u0144? Te praktyczne tace s\u0105 lekkie i trwa\u0142e, dzi\u0119ki czemu idealnie nadaj\u0105 si\u0119 do u\u017cytku w domu lub na zewn\u0105trz. Mo\u017cna na nich uk\u0142ada\u0107 przek\u0105ski przyjmuj\u0105c go\u015bci w domu, organizowa\u0107 d\u0142ugopisy i o\u0142\u00f3wki w biurze, podawa\u0107 lody w gor\u0105ce letnie dni; te wielofunkcyjne szklane patery b\u0119d\u0105 prezentem, kt\u00f3ry nie przestaje zaskakiwa\u0107. Marka GHC jest dumna z tworzenia najlepszych jako\u015bciowo produkt\u00f3w szklanych.  Dzi\u0119ki ogromnemu wyborowi r\u0119cznie dmuchanych ekskluzywnych pater z pewno\u015bci\u0105 znajdziesz co\u015b, co zaspokoi Twoje potrzeby!<\/p>\n<p>Oferujemy wiele r\u00f3\u017cnych kolor\u00f3w, wi\u0119c znalezienie takiego, kt\u00f3ry b\u0119dzie pasowa\u0142 do wystroju Twojego domu nie b\u0119dzie trudne! Te patery s\u0105 r\u00f3wnie\u017c idealne do przechowywania ma\u0142ych przedmiot\u00f3w, takich jak bi\u017cuteria itp. Przeznaczone s\u0105 nie tylko do dekoracji, lecz r\u00f3wnie\u017c do og\u00f3lnych cel\u00f3w organizacyjnych.<\/p>\n","protected":false},"excerpt":{"rendered":"<p>D\u0142ugo\u015b\u0107: 33 cm<br \/>\nSzeroko\u015b\u0107: 33 cm<br \/>\nWysoko\u015b\u0107: 8 cm<\/p>\n","protected":false},"featured_media":587,"template":"","meta":[],"product_cat":[206,222,194],"product_tag":[],"_links":{"self":[{"href":"https:\/\/glassheritagecentre.com\/pl\/wp-json\/wp\/v2\/product\/3475"}],"collection":[{"href":"https:\/\/glassheritagecentre.com\/pl\/wp-json\/wp\/v2\/product"}],"about":[{"href":"https:\/\/glassheritagecentre.com\/pl\/wp-json\/wp\/v2\/types\/product"}],"wp:featuredmedia":[{"embeddable":true,"href":"https:\/\/glassheritagecentre.com\/pl\/wp-json\/wp\/v2\/media\/587"}],"wp:attachment":[{"href":"https:\/\/glassheritagecentre.com\/pl\/wp-json\/wp\/v2\/media?parent=3475"}],"wp:term":[{"taxonomy":"product_cat","embeddable":true,"href":"https:\/\/glassheritagecentre.com\/pl\/wp-json\/wp\/v2\/product_cat?post=3475"},{"taxonomy":"product_tag","embeddable":true,"href":"https:\/\/glassheritagecentre.com\/pl\/wp-json\/wp\/v2\/product_tag?post=3475"}],"curies":[{"name":"wp","href":"https:\/\/api.w.org\/{rel}","templated":true}]}}