{"id":3474,"date":"2022-07-18T13:15:13","date_gmt":"2022-07-18T11:22:38","guid":{"rendered":"https:\/\/glassheritagecentre.com\/szklana-patera-velluto-arancione\/"},"modified":"2022-07-18T13:22:44","modified_gmt":"2022-07-18T11:22:44","slug":"szklana-patera-velluto-arancione","status":"publish","type":"product","link":"https:\/\/glassheritagecentre.com\/pl\/szklana-patera-velluto-arancione\/","title":{"rendered":"Szklana Patera Velluto Arancione"},"content":{"rendered":"<p>Pochwal si\u0119 swoj\u0105 pi\u0119kn\u0105 pater\u0105 i u\u017cywaj jej na ka\u017cd\u0105 okazj\u0119. R\u0119cznie wykonane szk\u0142o w wielobarwne wzory jest jedyne w swoim rodzaju i idealne na ka\u017cd\u0105 okazj\u0119 w domu lub w \u015brodowisku zawodowym. Zaprezentuj to eleganckie i nowoczesne dzie\u0142o swoim go\u015bciom z nadziej\u0105, \u017ce podzielaj\u0105 ten sam sentyment uznania, jaki Ty masz dla niego! Posiada w\u0142asny certyfikat autentyczno\u015bci, gwarantuj\u0105cy, \u017ce kupujesz autentyczny produkt!<\/p>\n<p>Pi\u0119kna szklana patera wykonana przez artyst\u00f3w z Centrum Dziedzictwa Szk\u0142a. Niezwyk\u0142e po\u0142\u0105czenie kolor\u00f3w sprawia, \u017ce ten talerz jest jedyny w swoim rodzaju i doskonale nadaje si\u0119 do dekoracji domu lub serwowania potraw. Idealny na prezent! Ka\u017cdy produkt posiada w\u0142asny certyfikat autentyczno\u015bci.<\/p>\n","protected":false},"excerpt":{"rendered":"<p>D\u0142ugo\u015b\u0107: 33 cm<br \/>\nSzeroko\u015b\u0107: 33 cm<br \/>\nWysoko\u015b\u0107: 8 cm<\/p>\n","protected":false},"featured_media":578,"template":"","meta":[],"product_cat":[206,222,194],"product_tag":[],"_links":{"self":[{"href":"https:\/\/glassheritagecentre.com\/pl\/wp-json\/wp\/v2\/product\/3474"}],"collection":[{"href":"https:\/\/glassheritagecentre.com\/pl\/wp-json\/wp\/v2\/product"}],"about":[{"href":"https:\/\/glassheritagecentre.com\/pl\/wp-json\/wp\/v2\/types\/product"}],"wp:featuredmedia":[{"embeddable":true,"href":"https:\/\/glassheritagecentre.com\/pl\/wp-json\/wp\/v2\/media\/578"}],"wp:attachment":[{"href":"https:\/\/glassheritagecentre.com\/pl\/wp-json\/wp\/v2\/media?parent=3474"}],"wp:term":[{"taxonomy":"product_cat","embeddable":true,"href":"https:\/\/glassheritagecentre.com\/pl\/wp-json\/wp\/v2\/product_cat?post=3474"},{"taxonomy":"product_tag","embeddable":true,"href":"https:\/\/glassheritagecentre.com\/pl\/wp-json\/wp\/v2\/product_tag?post=3474"}],"curies":[{"name":"wp","href":"https:\/\/api.w.org\/{rel}","templated":true}]}}