{"id":3473,"date":"2022-07-18T13:15:13","date_gmt":"2022-07-18T11:22:38","guid":{"rendered":"https:\/\/glassheritagecentre.com\/szklana-patera-paesaggio\/"},"modified":"2022-07-18T13:22:43","modified_gmt":"2022-07-18T11:22:43","slug":"szklana-patera-paesaggio","status":"publish","type":"product","link":"https:\/\/glassheritagecentre.com\/pl\/szklana-patera-paesaggio\/","title":{"rendered":"Szklana Patera Paesaggio"},"content":{"rendered":"<p>Szklane patery mog\u0105 stanowi\u0107 stylowe akcenty na ka\u017cdym stole, na bankiecie lub kameralnej kolacji w zaciszu w\u0142asnego domu. Wytwarzane s\u0105 w Kro\u015bnie przez rzemie\u015blnik\u00f3w z wieloletnim do\u015bwiadczeniem w zakresie wprowadzania pi\u0119kna do codziennego \u017cycia poprzez prezentacj\u0119 waz, p\u00f3\u0142misk\u00f3w i innych szklanych naczy\u0144 do serwowania.<\/p>\n<p>Szklane patery s\u0105 przeznaczone do u\u017cytku na co dzie\u0144, stanowi\u0105c doskona\u0142e wyko\u0144czenie przystawek na przyj\u0119ciach. Sprawiaj\u0105, \u017ce posi\u0142ki wygl\u0105daj\u0105 bardziej zach\u0119caj\u0105co.<\/p>\n<p>Pi\u0119kna, elegancka, praktyczna. W r\u00f3\u017cnych rozmiarach i kszta\u0142tach na ka\u017cd\u0105 potrzeb\u0119. Pi\u0119kna dekoracja, kt\u00f3ra przyci\u0105gnie wzrok na nast\u0119pnej imprezie lub wydarzeniu!<\/p>\n","protected":false},"excerpt":{"rendered":"<p>D\u0142ugo\u015b\u0107: 33 cm<br \/>\nSzeroko\u015b\u0107: 33 cm<br \/>\nWysoko\u015b\u0107: 8 cm<\/p>\n","protected":false},"featured_media":566,"template":"","meta":[],"product_cat":[206,222,194],"product_tag":[],"_links":{"self":[{"href":"https:\/\/glassheritagecentre.com\/pl\/wp-json\/wp\/v2\/product\/3473"}],"collection":[{"href":"https:\/\/glassheritagecentre.com\/pl\/wp-json\/wp\/v2\/product"}],"about":[{"href":"https:\/\/glassheritagecentre.com\/pl\/wp-json\/wp\/v2\/types\/product"}],"wp:featuredmedia":[{"embeddable":true,"href":"https:\/\/glassheritagecentre.com\/pl\/wp-json\/wp\/v2\/media\/566"}],"wp:attachment":[{"href":"https:\/\/glassheritagecentre.com\/pl\/wp-json\/wp\/v2\/media?parent=3473"}],"wp:term":[{"taxonomy":"product_cat","embeddable":true,"href":"https:\/\/glassheritagecentre.com\/pl\/wp-json\/wp\/v2\/product_cat?post=3473"},{"taxonomy":"product_tag","embeddable":true,"href":"https:\/\/glassheritagecentre.com\/pl\/wp-json\/wp\/v2\/product_tag?post=3473"}],"curies":[{"name":"wp","href":"https:\/\/api.w.org\/{rel}","templated":true}]}}