{"id":3472,"date":"2022-07-18T13:15:13","date_gmt":"2022-07-18T11:22:38","guid":{"rendered":"https:\/\/glassheritagecentre.com\/szklana-patera-viola\/"},"modified":"2022-07-18T13:22:42","modified_gmt":"2022-07-18T11:22:42","slug":"szklana-patera-viola","status":"publish","type":"product","link":"https:\/\/glassheritagecentre.com\/pl\/szklana-patera-viola\/","title":{"rendered":"Szklana Patera Viola"},"content":{"rendered":"<p>Eksponat, kt\u00f3ry przetrwa lata &#8211; ta patera jest niezwykle kolorowa. Jej tw\u00f3rcy wykorzystuj\u0105 odwieczne techniki dmuchania szk\u0142a, aby stworzy\u0107 ten hipnotyzuj\u0105cy projekt. Pi\u0119knie zapakowana z certyfikatem autentyczno\u015bci, stanowi elegancki wyb\u00f3r jako prezent lub wystr\u00f3j domu.<\/p>\n<p>Centrum Dziedzictwa Szk\u0142a z dum\u0105 prezentuje swoje szklane prace \u015bwiatu. Wykonane z r\u0119cznie robionego szk\u0142a to wy\u015bmienite dzie\u0142o sztuki b\u0119dzie b\u0142yszcze\u0107 w ka\u017cdej domowej przestrzeni. Zainspiruj swoich go\u015bci ozdobn\u0105 pater\u0105 od nagradzanych artyst\u00f3w i rzemie\u015blnik\u00f3w Glass Heritage Centre, a na pewno b\u0119d\u0105 ni\u0105 zachwyceni na zawsze.<\/p>\n","protected":false},"excerpt":{"rendered":"<p>D\u0142ugo\u015b\u0107: 33 cm<br \/>\nSzeroko\u015b\u0107: 33 cm<br \/>\nWysoko\u015b\u0107: 8 cm<\/p>\n","protected":false},"featured_media":554,"template":"","meta":[],"product_cat":[206,222,194],"product_tag":[],"_links":{"self":[{"href":"https:\/\/glassheritagecentre.com\/pl\/wp-json\/wp\/v2\/product\/3472"}],"collection":[{"href":"https:\/\/glassheritagecentre.com\/pl\/wp-json\/wp\/v2\/product"}],"about":[{"href":"https:\/\/glassheritagecentre.com\/pl\/wp-json\/wp\/v2\/types\/product"}],"wp:featuredmedia":[{"embeddable":true,"href":"https:\/\/glassheritagecentre.com\/pl\/wp-json\/wp\/v2\/media\/554"}],"wp:attachment":[{"href":"https:\/\/glassheritagecentre.com\/pl\/wp-json\/wp\/v2\/media?parent=3472"}],"wp:term":[{"taxonomy":"product_cat","embeddable":true,"href":"https:\/\/glassheritagecentre.com\/pl\/wp-json\/wp\/v2\/product_cat?post=3472"},{"taxonomy":"product_tag","embeddable":true,"href":"https:\/\/glassheritagecentre.com\/pl\/wp-json\/wp\/v2\/product_tag?post=3472"}],"curies":[{"name":"wp","href":"https:\/\/api.w.org\/{rel}","templated":true}]}}