{"id":3471,"date":"2022-07-18T13:15:13","date_gmt":"2022-07-18T11:22:38","guid":{"rendered":"https:\/\/glassheritagecentre.com\/szklana-patera-abisso\/"},"modified":"2022-07-18T13:22:42","modified_gmt":"2022-07-18T11:22:42","slug":"szklana-patera-abisso","status":"publish","type":"product","link":"https:\/\/glassheritagecentre.com\/pl\/szklana-patera-abisso\/","title":{"rendered":"Szklana Patera Abisso"},"content":{"rendered":"<p>W \u015bwiecie, w kt\u00f3rym dobre jedzenie definiuje dobre \u017cycie, nasze patery s\u0105 wszystkim, czego potrzebujesz. Patery wyst\u0119puj\u0105 w r\u00f3\u017cnych kszta\u0142tach i rozmiarach, z jednym wsp\u00f3lnym punktem: ich praktyczno\u015bci\u0105! Szk\u0142o mo\u017cna wykorzysta\u0107 do podania deser\u00f3w lub owoc\u00f3w na wytworn\u0105 kolacj\u0119. Zapraszamy do zapoznania si\u0119 z pe\u0142n\u0105 ofert\u0105 wyrob\u00f3w szklanych w sklepie internetowym GHC ju\u017c dzi\u015b!<\/p>\n<p>Szklane talerze to \u015bwietny spos\u00f3b na dodanie czystego, eleganckiego stylu do wystroju sto\u0142u. Oferujemy przydatne patery do jedzenia oraz atrakcyjne elementy dekoracyjne, kt\u00f3re z elegancj\u0105 wyko\u0144cz\u0105 ka\u017cdy blat. Ka\u017cdy z naszych produkt\u00f3w szklanych zosta\u0142 indywidualnie zaprojektowany w Polsce z najwy\u017cszej jako\u015bci materia\u0142\u00f3w.<\/p>\n","protected":false},"excerpt":{"rendered":"<p>D\u0142ugo\u015b\u0107: 33 cm<br \/>\nSzeroko\u015b\u0107: 33 cm<br \/>\nWysoko\u015b\u0107: 8 cm<\/p>\n","protected":false},"featured_media":542,"template":"","meta":[],"product_cat":[206,222,194],"product_tag":[],"_links":{"self":[{"href":"https:\/\/glassheritagecentre.com\/pl\/wp-json\/wp\/v2\/product\/3471"}],"collection":[{"href":"https:\/\/glassheritagecentre.com\/pl\/wp-json\/wp\/v2\/product"}],"about":[{"href":"https:\/\/glassheritagecentre.com\/pl\/wp-json\/wp\/v2\/types\/product"}],"wp:featuredmedia":[{"embeddable":true,"href":"https:\/\/glassheritagecentre.com\/pl\/wp-json\/wp\/v2\/media\/542"}],"wp:attachment":[{"href":"https:\/\/glassheritagecentre.com\/pl\/wp-json\/wp\/v2\/media?parent=3471"}],"wp:term":[{"taxonomy":"product_cat","embeddable":true,"href":"https:\/\/glassheritagecentre.com\/pl\/wp-json\/wp\/v2\/product_cat?post=3471"},{"taxonomy":"product_tag","embeddable":true,"href":"https:\/\/glassheritagecentre.com\/pl\/wp-json\/wp\/v2\/product_tag?post=3471"}],"curies":[{"name":"wp","href":"https:\/\/api.w.org\/{rel}","templated":true}]}}