{"id":3470,"date":"2022-07-18T13:15:13","date_gmt":"2022-07-18T11:22:38","guid":{"rendered":"https:\/\/glassheritagecentre.com\/szklana-patera-fuoco\/"},"modified":"2022-07-18T13:22:41","modified_gmt":"2022-07-18T11:22:41","slug":"szklana-patera-fuoco","status":"publish","type":"product","link":"https:\/\/glassheritagecentre.com\/pl\/szklana-patera-fuoco\/","title":{"rendered":"Szklana Patera Fuoco"},"content":{"rendered":"<p>Ta patera jest przeznaczona dla tych, kt\u00f3rzy kochaj\u0105 kolor i kszta\u0142ty. Patera nie ma ustalonej \u015brednicy, co czyni j\u0105 prawdziwym arcydzie\u0142em artystycznym, kt\u00f3re ludzie ch\u0119tnie eksponuj\u0105 w swoich domach. Wyobra\u017a sobie t\u0119 zastaw\u0119 na nast\u0119pnej kolacji \u2013 czy istnieje wiele innych talerzy, kt\u00f3re mog\u0142yby by\u0107 a\u017c tak wspania\u0142e? Ta forma pracy ze szk\u0142a artystycznego si\u0119ga setek lat wstecz i je\u015bli chcesz mie\u0107 sw\u00f3j egzemplarz wyj\u0105tkowy i jedyny w swoim rodzaju, nie czekaj: nasz asortyment nie potrwa d\u0142ugo!<\/p>\n<p>Pi\u0119kne kolory wyrob\u00f3w szklanych Glass Heritage Centre sprawiaj\u0105, \u017ce ten jedyny w swoim rodzaju szklany talerz idealnie nadaje si\u0119 na przyj\u0119cie. Jest nie tylko funkcjonalny, ale r\u00f3wnie\u017c przyci\u0105gaj\u0105cy wzrok i estetyczny. Kup t\u0105 wspania\u0142\u0105 pater\u0119 z certyfikatem autentyczno\u015bci jeszcze dzi\u015b!<\/p>\n","protected":false},"excerpt":{"rendered":"<p>D\u0142ugo\u015b\u0107: 33 cm<br \/>\nSzeroko\u015b\u0107: 33 cm<br \/>\nWysoko\u015b\u0107: 8 cm<\/p>\n","protected":false},"featured_media":530,"template":"","meta":[],"product_cat":[206,222,194],"product_tag":[],"_links":{"self":[{"href":"https:\/\/glassheritagecentre.com\/pl\/wp-json\/wp\/v2\/product\/3470"}],"collection":[{"href":"https:\/\/glassheritagecentre.com\/pl\/wp-json\/wp\/v2\/product"}],"about":[{"href":"https:\/\/glassheritagecentre.com\/pl\/wp-json\/wp\/v2\/types\/product"}],"wp:featuredmedia":[{"embeddable":true,"href":"https:\/\/glassheritagecentre.com\/pl\/wp-json\/wp\/v2\/media\/530"}],"wp:attachment":[{"href":"https:\/\/glassheritagecentre.com\/pl\/wp-json\/wp\/v2\/media?parent=3470"}],"wp:term":[{"taxonomy":"product_cat","embeddable":true,"href":"https:\/\/glassheritagecentre.com\/pl\/wp-json\/wp\/v2\/product_cat?post=3470"},{"taxonomy":"product_tag","embeddable":true,"href":"https:\/\/glassheritagecentre.com\/pl\/wp-json\/wp\/v2\/product_tag?post=3470"}],"curies":[{"name":"wp","href":"https:\/\/api.w.org\/{rel}","templated":true}]}}