{"id":3469,"date":"2022-07-18T13:15:13","date_gmt":"2022-07-18T11:22:38","guid":{"rendered":"https:\/\/glassheritagecentre.com\/szklana-ozdoba-krosno\/"},"modified":"2022-07-18T13:22:40","modified_gmt":"2022-07-18T11:22:40","slug":"szklana-ozdoba-krosno","status":"publish","type":"product","link":"https:\/\/glassheritagecentre.com\/pl\/szklana-ozdoba-krosno\/","title":{"rendered":"Szklana Ozdoba Krosno"},"content":{"rendered":"<p>Szklane statuetki: eleganckie i szykowne prezenty na ka\u017cd\u0105 okazj\u0119. Ta designersko zaprojektowana szklana statuetka, kt\u00f3r\u0105 mo\u017cna dostosowa\u0107 do w\u0142asnych potrzeb, jest r\u00f3wnie\u017c doskona\u0142\u0105 opcj\u0105, gdy szukasz \u015bwietnego sposobu, aby zaskoczy\u0107 kogo\u015b wyj\u0105tkowego dowodem uznania. Wyobra\u017caj\u0105c sobie tak\u0105 dba\u0142o\u015b\u0107 o szczeg\u00f3\u0142y, staje si\u0119 jasne, w jaki spos\u00f3b te nienaganne elementy stanowi\u0105 tak niesamowite dodatki do ka\u017cdej kolekcji!<\/p>\n<p>Szklane statuetki nie tylko wygl\u0105daj\u0105 fantastycznie, ale r\u00f3wnie\u017c reprezentuj\u0105 doskona\u0142o\u015b\u0107. Idealny prezent dla ulubionego pracownika, utalentowanego ucznia lub szefa. Wybierz z naszej szerokiej gamy szklanych statuetek w r\u00f3\u017cnych odcieniach i r\u00f3\u017cnych wzorach, aby znale\u017a\u0107 idealn\u0105 dla siebie!<\/p>\n","protected":false},"excerpt":{"rendered":"<p>D\u0142ugo\u015b\u0107: 23 cm<br \/>\nSzeroko\u015b\u0107: 3 cm<br \/>\nWysoko\u015b\u0107: 23 cm<\/p>\n","protected":false},"featured_media":521,"template":"","meta":[],"product_cat":[206,160,214],"product_tag":[],"_links":{"self":[{"href":"https:\/\/glassheritagecentre.com\/pl\/wp-json\/wp\/v2\/product\/3469"}],"collection":[{"href":"https:\/\/glassheritagecentre.com\/pl\/wp-json\/wp\/v2\/product"}],"about":[{"href":"https:\/\/glassheritagecentre.com\/pl\/wp-json\/wp\/v2\/types\/product"}],"wp:featuredmedia":[{"embeddable":true,"href":"https:\/\/glassheritagecentre.com\/pl\/wp-json\/wp\/v2\/media\/521"}],"wp:attachment":[{"href":"https:\/\/glassheritagecentre.com\/pl\/wp-json\/wp\/v2\/media?parent=3469"}],"wp:term":[{"taxonomy":"product_cat","embeddable":true,"href":"https:\/\/glassheritagecentre.com\/pl\/wp-json\/wp\/v2\/product_cat?post=3469"},{"taxonomy":"product_tag","embeddable":true,"href":"https:\/\/glassheritagecentre.com\/pl\/wp-json\/wp\/v2\/product_tag?post=3469"}],"curies":[{"name":"wp","href":"https:\/\/api.w.org\/{rel}","templated":true}]}}