{"id":3465,"date":"2022-07-18T13:14:59","date_gmt":"2022-07-18T11:22:22","guid":{"rendered":"https:\/\/glassheritagecentre.com\/szklana-patera-il-cioccolato-della-regina\/"},"modified":"2022-07-18T13:22:35","modified_gmt":"2022-07-18T11:22:35","slug":"szklana-patera-il-cioccolato-della-regina","status":"publish","type":"product","link":"https:\/\/glassheritagecentre.com\/pl\/szklana-patera-il-cioccolato-della-regina\/","title":{"rendered":"Szklana Patera Il cioccolato della regina"},"content":{"rendered":"<p>Ta br\u0105zowa szklana patera sprawi, \u017ce zachowasz kolorystycznie kreatywny wystr\u00f3j w ca\u0142ym domu.  Wykonany z najwy\u017cszej jako\u015bci, r\u0119cznie dmuchanego szk\u0142a, kt\u00f3re mo\u017cna obecnie znale\u017a\u0107 na rynku, ten element sprawi, \u017ce Tw\u00f3j dom zawsze b\u0119dzie mia\u0142 sw\u00f3j udzia\u0142 w warto\u015bci artystycznej.  Od g\u0142adkiej tafli szk\u0142a przypominaj\u0105cej wst\u0119g\u0119, po misterny wz\u00f3r, kt\u00f3ry mo\u017cna znale\u017a\u0107 w tym dziele sztuki, nie da si\u0119 ukry\u0107, \u017ce Kro\u015bnie\u0144skim Hutom Szk\u0142a uda\u0142o si\u0119 stworzy\u0107 co\u015b pi\u0119knego!<\/p>\n<p>Tak\u0105 r\u0119cznie wykonan\u0105 br\u0105zow\u0105 pater\u0105 z r\u0119cznie dmuchanego szk\u0142a, Kro\u015bnie\u0144skie Huty Szk\u0142a nadaj\u0105 swoim produktom elegancki wygl\u0105d. Odkryj, co te pi\u0119kne akcenty mog\u0105 zrobi\u0107 dla wystroju Twojego domu lub potrzeb zwi\u0105zanych z prezentami!<\/p>\n","protected":false},"excerpt":{"rendered":"<p>D\u0142ugo\u015b\u0107: 50 cm<br \/>\nSzeroko\u015b\u0107: 18 cm<br \/>\nWysoko\u015b\u0107: 20 cm<\/p>\n","protected":false},"featured_media":482,"template":"","meta":[],"product_cat":[206],"product_tag":[],"_links":{"self":[{"href":"https:\/\/glassheritagecentre.com\/pl\/wp-json\/wp\/v2\/product\/3465"}],"collection":[{"href":"https:\/\/glassheritagecentre.com\/pl\/wp-json\/wp\/v2\/product"}],"about":[{"href":"https:\/\/glassheritagecentre.com\/pl\/wp-json\/wp\/v2\/types\/product"}],"wp:featuredmedia":[{"embeddable":true,"href":"https:\/\/glassheritagecentre.com\/pl\/wp-json\/wp\/v2\/media\/482"}],"wp:attachment":[{"href":"https:\/\/glassheritagecentre.com\/pl\/wp-json\/wp\/v2\/media?parent=3465"}],"wp:term":[{"taxonomy":"product_cat","embeddable":true,"href":"https:\/\/glassheritagecentre.com\/pl\/wp-json\/wp\/v2\/product_cat?post=3465"},{"taxonomy":"product_tag","embeddable":true,"href":"https:\/\/glassheritagecentre.com\/pl\/wp-json\/wp\/v2\/product_tag?post=3465"}],"curies":[{"name":"wp","href":"https:\/\/api.w.org\/{rel}","templated":true}]}}