{"id":3464,"date":"2022-07-18T13:14:59","date_gmt":"2022-07-18T11:22:22","guid":{"rendered":"https:\/\/glassheritagecentre.com\/szklany-wazon-erba\/"},"modified":"2022-07-18T13:22:34","modified_gmt":"2022-07-18T11:22:34","slug":"szklany-wazon-erba","status":"publish","type":"product","link":"https:\/\/glassheritagecentre.com\/pl\/szklany-wazon-erba\/","title":{"rendered":"Szklany Wazon Erba"},"content":{"rendered":"<p>Nasze wazony wyst\u0119puj\u0105 w r\u00f3\u017cnych formach i kszta\u0142tach, wykonane s\u0105 z najlepszej jako\u015bci szk\u0142a, posiadaj\u0105 r\u00f3\u017cnorodne kolory, wzory i rozmiary. Ten wazon zosta\u0142 wykonany r\u0119cznie przez artyst\u00f3w z Centrum Dziedzictwa Szk\u0142a. To idealne rozwi\u0105zanie dla tych, kt\u00f3rzy chc\u0105 doda\u0107 uroku swojemu pokojowi!<\/p>\n<p>Wszystkie szklane wazony od GHC s\u0105 idealne na ka\u017cdy st\u00f3\u0142, biurko czy kominek. Tak eleganckie formy wyst\u0119puj\u0105 w kilku r\u00f3\u017cnych schematach kolorystycznych. Idealnie pasuje do biura, w kt\u00f3rym liczy si\u0119 styl. Wazon zosta\u0142 zaprojektowany r\u00f3wnie\u017c z my\u015bl\u0105 o jeszcze bardziej formalnych okazjach, kt\u00f3re wymagaj\u0105 nieco wi\u0119cej tradycyjnego talentu.<\/p>\n","protected":false},"excerpt":{"rendered":"<p>D\u0142ugo\u015b\u0107: 15 cm<br \/>\nSzeroko\u015b\u0107: 15 cm<br \/>\nWysoko\u015b\u0107: 13 cm<\/p>\n","protected":false},"featured_media":470,"template":"","meta":[],"product_cat":[206],"product_tag":[],"_links":{"self":[{"href":"https:\/\/glassheritagecentre.com\/pl\/wp-json\/wp\/v2\/product\/3464"}],"collection":[{"href":"https:\/\/glassheritagecentre.com\/pl\/wp-json\/wp\/v2\/product"}],"about":[{"href":"https:\/\/glassheritagecentre.com\/pl\/wp-json\/wp\/v2\/types\/product"}],"wp:featuredmedia":[{"embeddable":true,"href":"https:\/\/glassheritagecentre.com\/pl\/wp-json\/wp\/v2\/media\/470"}],"wp:attachment":[{"href":"https:\/\/glassheritagecentre.com\/pl\/wp-json\/wp\/v2\/media?parent=3464"}],"wp:term":[{"taxonomy":"product_cat","embeddable":true,"href":"https:\/\/glassheritagecentre.com\/pl\/wp-json\/wp\/v2\/product_cat?post=3464"},{"taxonomy":"product_tag","embeddable":true,"href":"https:\/\/glassheritagecentre.com\/pl\/wp-json\/wp\/v2\/product_tag?post=3464"}],"curies":[{"name":"wp","href":"https:\/\/api.w.org\/{rel}","templated":true}]}}