{"id":3463,"date":"2022-07-18T13:14:59","date_gmt":"2022-07-18T11:22:22","guid":{"rendered":"https:\/\/glassheritagecentre.com\/szklany-wazon-natura\/"},"modified":"2022-07-18T13:22:34","modified_gmt":"2022-07-18T11:22:34","slug":"szklany-wazon-natura","status":"publish","type":"product","link":"https:\/\/glassheritagecentre.com\/pl\/szklany-wazon-natura\/","title":{"rendered":"Szklany Wazon Natura"},"content":{"rendered":"<p>Dekoracyjny szklany wazon. Wykonany jest z wysokiej jako\u015bci szk\u0142a i wyst\u0119puje w r\u00f3\u017cnych kolorach, wzorach i rozmiarach. Centrum Dziedzictwa Szk\u0142a wyprodukowa\u0142o ten produkt z niezawodnych zasob\u00f3w, kt\u00f3re stanowi\u0105 idealn\u0105 ozdob\u0119 ka\u017cdego nakrycia sto\u0142u. Ta wykwintna dekoracja jest wykonywana r\u0119cznie przez utalentowanych artyst\u00f3w, kt\u00f3rzy wk\u0142adaj\u0105 swoj\u0105 pasj\u0119 w ka\u017cdy tworzony przez siebie element poprzez szczeg\u00f3\u0142owe projekty i drobiazgowe zdobienia, aby doda\u0107 tak bardzo potrzebnego estetycznego uroku domom ludzi!<\/p>\n<p>To idealny wazon dekoracyjny! Te ozdobne wazony s\u0105 dost\u0119pne we wszystkich kszta\u0142tach i rozmiarach. Bez wzgl\u0119du na pomieszczenie w Twoim domu te pi\u0119kno\u015bci b\u0119d\u0105 z nim pasowa\u0107. Aby zrozumie\u0107, dlaczego te wazony s\u0105 dla nas tak wyj\u0105tkowe sp\u00f3jrz na spos\u00f3b, w jaki zosta\u0142y wykonane przez artyst\u00f3w z minionych wiek\u00f3w. Gdy zobaczysz ich dzie\u0142o, b\u0119dziesz wiedzia\u0142, \u017ce to nie tylko dekoracja mebli czy zastawy sto\u0142owej, ale co\u015b naprawd\u0119 magicznego!<\/p>\n","protected":false},"excerpt":{"rendered":"<p>D\u0142ugo\u015b\u0107: 9 cm<br \/>\nSzeroko\u015b\u0107: 9 cm<br \/>\nWysoko\u015b\u0107: 16 cm<\/p>\n","protected":false},"featured_media":461,"template":"","meta":[],"product_cat":[206],"product_tag":[],"_links":{"self":[{"href":"https:\/\/glassheritagecentre.com\/pl\/wp-json\/wp\/v2\/product\/3463"}],"collection":[{"href":"https:\/\/glassheritagecentre.com\/pl\/wp-json\/wp\/v2\/product"}],"about":[{"href":"https:\/\/glassheritagecentre.com\/pl\/wp-json\/wp\/v2\/types\/product"}],"wp:featuredmedia":[{"embeddable":true,"href":"https:\/\/glassheritagecentre.com\/pl\/wp-json\/wp\/v2\/media\/461"}],"wp:attachment":[{"href":"https:\/\/glassheritagecentre.com\/pl\/wp-json\/wp\/v2\/media?parent=3463"}],"wp:term":[{"taxonomy":"product_cat","embeddable":true,"href":"https:\/\/glassheritagecentre.com\/pl\/wp-json\/wp\/v2\/product_cat?post=3463"},{"taxonomy":"product_tag","embeddable":true,"href":"https:\/\/glassheritagecentre.com\/pl\/wp-json\/wp\/v2\/product_tag?post=3463"}],"curies":[{"name":"wp","href":"https:\/\/api.w.org\/{rel}","templated":true}]}}