{"id":3462,"date":"2022-07-18T13:14:59","date_gmt":"2022-07-18T11:22:22","guid":{"rendered":"https:\/\/glassheritagecentre.com\/szklany-wazon-cera\/"},"modified":"2022-07-18T13:22:33","modified_gmt":"2022-07-18T11:22:33","slug":"szklany-wazon-cera","status":"publish","type":"product","link":"https:\/\/glassheritagecentre.com\/pl\/szklany-wazon-cera\/","title":{"rendered":"Szklany Wazon Cera"},"content":{"rendered":"<p>Wykonany z wysokiej jako\u015bci, odpornego na zarysowania szk\u0142a. Pi\u0119knie stworzone przez utalentowanych rzemie\u015blnik\u00f3w, kt\u00f3rych celem jest stworzenie idealnej reprezentacji w\u0142asnej kultury w ka\u017cdym egzemplarzu. Te rzemie\u015blnicze wazony s\u0105 starannie wykonywane przez dziesi\u0119ciolecia i doskonale rozumiej\u0105 wyrafinowanie i projekt potrzebny do tego zadania.<\/p>\n<p>Czy jest lepszy spos\u00f3b na dodanie koloru do Twojego domu ni\u017c jeden z tych szklanych wazon\u00f3w? Funky wzory mo\u017cna r\u00f3wnie\u017c \u0142\u0105czy\u0107 z tradycyjnymi projektami za pomoc\u0105 naszego procesu koloryzowania, kt\u00f3ry zapewnia g\u0142\u0119boko nasycone wyko\u0144czenie po wypaleniu w temperaturze ponad 650 stopni Celsjusza. Ten wazon mo\u017ce s\u0142u\u017cy\u0107 nie tylko jako dekoracja sto\u0142u, ale tak\u017ce jako przestrze\u0144 do uk\u0142adania Twoich ulubionych kwiat\u00f3w.<\/p>\n<p>Produkt ten doskonale sprawdzi si\u0119 w ka\u017cdym wn\u0119trzu. Wyst\u0119puj\u0105 w wielu kszta\u0142tach i rozmiarach, wi\u0119c nie musisz si\u0119 martwi\u0107, \u017ce zabraknie Ci opcji podczas dekorowania domu! Mo\u017cesz je znale\u017a\u0107 w sklepach lub zrobi\u0107 zakupy online.<\/p>\n","protected":false},"excerpt":{"rendered":"<p>D\u0142ugo\u015b\u0107: 9 cm<br \/>\nSzeroko\u015b\u0107: 9 cm<br \/>\nWysoko\u015b\u0107: 18 cm<\/p>\n","protected":false},"featured_media":452,"template":"","meta":[],"product_cat":[206],"product_tag":[],"_links":{"self":[{"href":"https:\/\/glassheritagecentre.com\/pl\/wp-json\/wp\/v2\/product\/3462"}],"collection":[{"href":"https:\/\/glassheritagecentre.com\/pl\/wp-json\/wp\/v2\/product"}],"about":[{"href":"https:\/\/glassheritagecentre.com\/pl\/wp-json\/wp\/v2\/types\/product"}],"wp:featuredmedia":[{"embeddable":true,"href":"https:\/\/glassheritagecentre.com\/pl\/wp-json\/wp\/v2\/media\/452"}],"wp:attachment":[{"href":"https:\/\/glassheritagecentre.com\/pl\/wp-json\/wp\/v2\/media?parent=3462"}],"wp:term":[{"taxonomy":"product_cat","embeddable":true,"href":"https:\/\/glassheritagecentre.com\/pl\/wp-json\/wp\/v2\/product_cat?post=3462"},{"taxonomy":"product_tag","embeddable":true,"href":"https:\/\/glassheritagecentre.com\/pl\/wp-json\/wp\/v2\/product_tag?post=3462"}],"curies":[{"name":"wp","href":"https:\/\/api.w.org\/{rel}","templated":true}]}}