{"id":3461,"date":"2022-07-18T13:14:59","date_gmt":"2022-07-18T11:22:22","guid":{"rendered":"https:\/\/glassheritagecentre.com\/szklany-wazon-elixir\/"},"modified":"2022-07-18T13:22:33","modified_gmt":"2022-07-18T11:22:33","slug":"szklany-wazon-elixir","status":"publish","type":"product","link":"https:\/\/glassheritagecentre.com\/pl\/szklany-wazon-elixir\/","title":{"rendered":"Szklany Wazon Elixir"},"content":{"rendered":"<p>Dekoracyjny, a zarazem nowoczesny szklany wazon. To idealny prezent dla kogo\u015b, kto kocha wszystkie rzeczy ze szk\u0142a lub jako element dekoracyjny, kt\u00f3ry o\u017cywi ka\u017cde pomieszczenie w domu. Wybierz z naszej szerokiej gamy styl\u00f3w, kszta\u0142t\u00f3w, kolor\u00f3w i rozmiar\u00f3w, aby znale\u017a\u0107 odpowiedni dla siebie!<\/p>\n<p>Wykonany z wytrzyma\u0142ego i ci\u0119\u017ckiego szk\u0142a, wazon ten jest jednym z najpopularniejszych oferowanych przez nas produkt\u00f3w. Dzi\u0119ki trzykrotnie z\u0142o\u017conej konstrukcji i szerokiemu otwarciu u\u0142atwiaj\u0105cemu nape\u0142nianie, nasze ozdobne wazony s\u0105 istotn\u0105 cz\u0119\u015bci\u0105 ka\u017cdej przestrzeni \u017cyciowej.<\/p>\n<p>Oferujemy r\u00f3\u017cnorodne kolory, kszta\u0142ty i rozmiary wazon\u00f3w, kt\u00f3re z \u0142atwo\u015bci\u0105 dopasuj\u0105 si\u0119 do ka\u017cdego domu lub wn\u0119trza.<\/p>\n","protected":false},"excerpt":{"rendered":"<p>D\u0142ugo\u015b\u0107: 20 cm<br \/>\nSzeroko\u015b\u0107: 20 cm<br \/>\nWysoko\u015b\u0107: 30 cm<\/p>\n","protected":false},"featured_media":443,"template":"","meta":[],"product_cat":[206],"product_tag":[],"_links":{"self":[{"href":"https:\/\/glassheritagecentre.com\/pl\/wp-json\/wp\/v2\/product\/3461"}],"collection":[{"href":"https:\/\/glassheritagecentre.com\/pl\/wp-json\/wp\/v2\/product"}],"about":[{"href":"https:\/\/glassheritagecentre.com\/pl\/wp-json\/wp\/v2\/types\/product"}],"wp:featuredmedia":[{"embeddable":true,"href":"https:\/\/glassheritagecentre.com\/pl\/wp-json\/wp\/v2\/media\/443"}],"wp:attachment":[{"href":"https:\/\/glassheritagecentre.com\/pl\/wp-json\/wp\/v2\/media?parent=3461"}],"wp:term":[{"taxonomy":"product_cat","embeddable":true,"href":"https:\/\/glassheritagecentre.com\/pl\/wp-json\/wp\/v2\/product_cat?post=3461"},{"taxonomy":"product_tag","embeddable":true,"href":"https:\/\/glassheritagecentre.com\/pl\/wp-json\/wp\/v2\/product_tag?post=3461"}],"curies":[{"name":"wp","href":"https:\/\/api.w.org\/{rel}","templated":true}]}}