{"id":3460,"date":"2022-07-18T13:14:59","date_gmt":"2022-07-18T11:22:22","guid":{"rendered":"https:\/\/glassheritagecentre.com\/szklany-wazon-mescolare\/"},"modified":"2022-07-18T13:22:32","modified_gmt":"2022-07-18T11:22:32","slug":"szklany-wazon-mescolare","status":"publish","type":"product","link":"https:\/\/glassheritagecentre.com\/pl\/szklany-wazon-mescolare\/","title":{"rendered":"Szklany Wazon Mescolare"},"content":{"rendered":"<p>Pi\u0119kny, elegancki szklany wazon. Idealny do ka\u017cdego stylu sto\u0142u i wn\u0119trza. Mieszaj i dopasowuj kolory i kszta\u0142ty, aby znale\u017a\u0107 idealny dla siebie!<\/p>\n<p>Nasze wazony to najm\u0105drzejszy wyb\u00f3r. Trwa\u0142y i odporny na p\u0119kanie. Szk\u0142o nigdy nie wyjdzie z mody ani nie zm\u0119czysz si\u0119 nim w dzisiejszym nowoczesnym wystroju! Po\u0142\u0105cz koj\u0105c\u0105 esencj\u0119 z artyzmem, czuj\u0105c, jak zmys\u0142owo pie\u015bci Twoj\u0105 przestrze\u0144 \u017cyciow\u0105 bez ostrych kraw\u0119dzi i naro\u017cnik\u00f3w. Ten harmonijny wazon uzupe\u0142nia ka\u017cd\u0105 kombinacj\u0119 mebli lub dekoracji.<\/p>\n","protected":false},"excerpt":{"rendered":"<p>D\u0142ugo\u015b\u0107: 8 cm<br \/>\nSzeroko\u015b\u0107: 8 cm<br \/>\nWysoko\u015b\u0107: 16 cm<\/p>\n","protected":false},"featured_media":434,"template":"","meta":[],"product_cat":[206],"product_tag":[],"_links":{"self":[{"href":"https:\/\/glassheritagecentre.com\/pl\/wp-json\/wp\/v2\/product\/3460"}],"collection":[{"href":"https:\/\/glassheritagecentre.com\/pl\/wp-json\/wp\/v2\/product"}],"about":[{"href":"https:\/\/glassheritagecentre.com\/pl\/wp-json\/wp\/v2\/types\/product"}],"wp:featuredmedia":[{"embeddable":true,"href":"https:\/\/glassheritagecentre.com\/pl\/wp-json\/wp\/v2\/media\/434"}],"wp:attachment":[{"href":"https:\/\/glassheritagecentre.com\/pl\/wp-json\/wp\/v2\/media?parent=3460"}],"wp:term":[{"taxonomy":"product_cat","embeddable":true,"href":"https:\/\/glassheritagecentre.com\/pl\/wp-json\/wp\/v2\/product_cat?post=3460"},{"taxonomy":"product_tag","embeddable":true,"href":"https:\/\/glassheritagecentre.com\/pl\/wp-json\/wp\/v2\/product_tag?post=3460"}],"curies":[{"name":"wp","href":"https:\/\/api.w.org\/{rel}","templated":true}]}}