{"id":3459,"date":"2022-07-18T13:14:59","date_gmt":"2022-07-18T11:22:22","guid":{"rendered":"https:\/\/glassheritagecentre.com\/szklany-wazon-trasparente\/"},"modified":"2022-07-18T13:22:31","modified_gmt":"2022-07-18T11:22:31","slug":"szklany-wazon-trasparente","status":"publish","type":"product","link":"https:\/\/glassheritagecentre.com\/pl\/szklany-wazon-trasparente\/","title":{"rendered":"Szklany Wazon Trasparente"},"content":{"rendered":"<p>Szklany wazon to pi\u0119kna dekoracja na ka\u017cd\u0105 okazj\u0119. Kolory i wzory naszych pi\u0119knie wykonanych wazon\u00f3w o\u017cywi\u0105 wn\u0119trze Twojego domu. Znajduj\u0105ce si\u0119 w Centrum Dziedzictwa Szk\u0142a te ozdobne wazony s\u0105 wspania\u0142ym prezentem lub dodatkiem do wystroju ka\u017cdego sto\u0142u.<\/p>\n<p>Podarowanie prezentu nie musi by\u0107 skomplikowane &#8211; po prostu zdob\u0105d\u017a od nas idealny wazon! Tw\u00f3j cz\u0142onek rodziny, przyjaciel, kumpel od pokera chce mie\u0107 w swoim domu styl po\u0142\u0105czony z klas\u0105? Kup im to idealne szklane arcydzie\u0142o z naszego sklepu! Mo\u017cesz r\u00f3wnie\u017c dostosowa\u0107 go wed\u0142ug koloru lub wzoru! A je\u015bli w tym roku czujesz si\u0119 wyj\u0105tkowo hojnie i chcesz czego\u015b naprawd\u0119 wyj\u0105tkowego, wygrawerujemy na nim nawet imi\u0119 lub dowoln\u0105 sentencj\u0119.<\/p>\n","protected":false},"excerpt":{"rendered":"<p>D\u0142ugo\u015b\u0107: 8 cm<br \/>\nSzeroko\u015b\u0107: 8 cm<br \/>\nWysoko\u015b\u0107: 16 cm<\/p>\n","protected":false},"featured_media":425,"template":"","meta":[],"product_cat":[206],"product_tag":[],"_links":{"self":[{"href":"https:\/\/glassheritagecentre.com\/pl\/wp-json\/wp\/v2\/product\/3459"}],"collection":[{"href":"https:\/\/glassheritagecentre.com\/pl\/wp-json\/wp\/v2\/product"}],"about":[{"href":"https:\/\/glassheritagecentre.com\/pl\/wp-json\/wp\/v2\/types\/product"}],"wp:featuredmedia":[{"embeddable":true,"href":"https:\/\/glassheritagecentre.com\/pl\/wp-json\/wp\/v2\/media\/425"}],"wp:attachment":[{"href":"https:\/\/glassheritagecentre.com\/pl\/wp-json\/wp\/v2\/media?parent=3459"}],"wp:term":[{"taxonomy":"product_cat","embeddable":true,"href":"https:\/\/glassheritagecentre.com\/pl\/wp-json\/wp\/v2\/product_cat?post=3459"},{"taxonomy":"product_tag","embeddable":true,"href":"https:\/\/glassheritagecentre.com\/pl\/wp-json\/wp\/v2\/product_tag?post=3459"}],"curies":[{"name":"wp","href":"https:\/\/api.w.org\/{rel}","templated":true}]}}