{"id":3458,"date":"2022-07-18T13:14:59","date_gmt":"2022-07-18T11:22:22","guid":{"rendered":"https:\/\/glassheritagecentre.com\/szklany-wazon-viola\/"},"modified":"2022-07-18T13:22:30","modified_gmt":"2022-07-18T11:22:30","slug":"szklany-wazon-viola","status":"publish","type":"product","link":"https:\/\/glassheritagecentre.com\/pl\/szklany-wazon-viola\/","title":{"rendered":"Szklany Wazon Viola"},"content":{"rendered":"<p>Ten pi\u0119kny dekoracyjny wazon ze szk\u0142a doskonale wpasuje si\u0119 w ka\u017cde wn\u0119trze. Zas\u0142ugujesz na najlepsz\u0105 jako\u015b\u0107 w swoim domu, dlatego to dzie\u0142o zosta\u0142o wykonane r\u0119cznie przez artyst\u00f3w z Centrum Dziedzictwa Szk\u0142a. Wyst\u0119puje w r\u00f3\u017cnych formach i kszta\u0142tach, w r\u00f3\u017cnych kolorach, wzorach i rozmiarach do wyboru. Ten wazon jest idealny na ka\u017cdy prezent lub dekoracj\u0119 sto\u0142u!<\/p>\n<p>Ozdobne wazony w r\u00f3\u017cnych kszta\u0142tach i kolorach. Centrum Dziedzictwa Szk\u0142a tworzy r\u0119cznie kunsztowne elementy, dodaj\u0105c osobowo\u015bci ka\u017cdemu pomieszczeniu. Zawsze oferujemy r\u00f3\u017cnorodne najnowsze style i projekty wyznaczaj\u0105ce trendy, od skomplikowanych detali po proste, czyste linie.<\/p>\n","protected":false},"excerpt":{"rendered":"<p>D\u0142ugo\u015b\u0107: 8 cm<br \/>\nSzeroko\u015b\u0107: 8 cm<br \/>\nWysoko\u015b\u0107: 16 cm<\/p>\n","protected":false},"featured_media":416,"template":"","meta":[],"product_cat":[206],"product_tag":[],"_links":{"self":[{"href":"https:\/\/glassheritagecentre.com\/pl\/wp-json\/wp\/v2\/product\/3458"}],"collection":[{"href":"https:\/\/glassheritagecentre.com\/pl\/wp-json\/wp\/v2\/product"}],"about":[{"href":"https:\/\/glassheritagecentre.com\/pl\/wp-json\/wp\/v2\/types\/product"}],"wp:featuredmedia":[{"embeddable":true,"href":"https:\/\/glassheritagecentre.com\/pl\/wp-json\/wp\/v2\/media\/416"}],"wp:attachment":[{"href":"https:\/\/glassheritagecentre.com\/pl\/wp-json\/wp\/v2\/media?parent=3458"}],"wp:term":[{"taxonomy":"product_cat","embeddable":true,"href":"https:\/\/glassheritagecentre.com\/pl\/wp-json\/wp\/v2\/product_cat?post=3458"},{"taxonomy":"product_tag","embeddable":true,"href":"https:\/\/glassheritagecentre.com\/pl\/wp-json\/wp\/v2\/product_tag?post=3458"}],"curies":[{"name":"wp","href":"https:\/\/api.w.org\/{rel}","templated":true}]}}