{"id":3457,"date":"2022-07-18T13:14:59","date_gmt":"2022-07-18T11:22:22","guid":{"rendered":"https:\/\/glassheritagecentre.com\/szklany-wazon-neve\/"},"modified":"2022-07-18T13:22:30","modified_gmt":"2022-07-18T11:22:30","slug":"szklany-wazon-neve","status":"publish","type":"product","link":"https:\/\/glassheritagecentre.com\/pl\/szklany-wazon-neve\/","title":{"rendered":"Szklany Wazon Neve"},"content":{"rendered":"<p>Idealny prezent dla bliskiej osoby! To najprostszy spos\u00f3b na wype\u0142nienie domu mi\u0142o\u015bci\u0105, pi\u0119knem i wspomnieniami. Dzi\u0119ki r\u00f3\u017cnorodno\u015bci kolor\u00f3w, wzor\u00f3w i kszta\u0142t\u00f3w &#8211; ta waza wpasuje si\u0119 w ka\u017cde wn\u0119trze. Wazony s\u0105 wykonane z najwy\u017cszej jako\u015bci szk\u0142a przez artyst\u00f3w w Glass Heritage Center, gdzie praktykuj\u0105 swoje rzemios\u0142o od ponad 100 lat. R\u0119cznie robione wazony z dmuchanego stopionego szk\u0142a daj\u0105 nieregularne wyko\u0144czenie, nadaj\u0105c ka\u017cdemu elementowi niepowtarzalny charakter. Ten produkt nadaje si\u0119 zar\u00f3wno do cel\u00f3w dekoracyjnych jak i u\u017cytkowych.<\/p>\n<p>Ten produkt jest r\u0119cznie wytwarzany przez wykwalifikowanych artyst\u00f3w w Centrum Dziedzictwa Szk\u0142a, kt\u00f3rzy specjalizuj\u0105 si\u0119 w r\u00f3\u017cnorodnych formach i kszta\u0142tach. Wyst\u0119puje w r\u00f3\u017cnych kolorach, wzorach i rozmiarach. To doskona\u0142y prezent na ka\u017cd\u0105 okazj\u0119 lub element dekoracyjny, kt\u00f3ry dope\u0142ni centralny element Twojego sto\u0142u.<\/p>\n","protected":false},"excerpt":{"rendered":"<p>D\u0142ugo\u015b\u0107: 8 cm<br \/>\nSzeroko\u015b\u0107: 8 cm<br \/>\nWysoko\u015b\u0107: 16 cm<\/p>\n","protected":false},"featured_media":407,"template":"","meta":[],"product_cat":[206],"product_tag":[],"_links":{"self":[{"href":"https:\/\/glassheritagecentre.com\/pl\/wp-json\/wp\/v2\/product\/3457"}],"collection":[{"href":"https:\/\/glassheritagecentre.com\/pl\/wp-json\/wp\/v2\/product"}],"about":[{"href":"https:\/\/glassheritagecentre.com\/pl\/wp-json\/wp\/v2\/types\/product"}],"wp:featuredmedia":[{"embeddable":true,"href":"https:\/\/glassheritagecentre.com\/pl\/wp-json\/wp\/v2\/media\/407"}],"wp:attachment":[{"href":"https:\/\/glassheritagecentre.com\/pl\/wp-json\/wp\/v2\/media?parent=3457"}],"wp:term":[{"taxonomy":"product_cat","embeddable":true,"href":"https:\/\/glassheritagecentre.com\/pl\/wp-json\/wp\/v2\/product_cat?post=3457"},{"taxonomy":"product_tag","embeddable":true,"href":"https:\/\/glassheritagecentre.com\/pl\/wp-json\/wp\/v2\/product_tag?post=3457"}],"curies":[{"name":"wp","href":"https:\/\/api.w.org\/{rel}","templated":true}]}}