{"id":3456,"date":"2022-07-18T13:14:59","date_gmt":"2022-07-18T11:22:22","guid":{"rendered":"https:\/\/glassheritagecentre.com\/szklany-wazon-ciello\/"},"modified":"2022-07-18T13:22:29","modified_gmt":"2022-07-18T11:22:29","slug":"szklany-wazon-ciello","status":"publish","type":"product","link":"https:\/\/glassheritagecentre.com\/pl\/szklany-wazon-ciello\/","title":{"rendered":"Szklany Wazon Ciello"},"content":{"rendered":"<p>Szukasz idealnego prezentu lub dekoracji? Ten dekoracyjny szklany wazon b\u0119dzie wspania\u0142ym dodatkiem do Twojej kolekcji. Dzi\u0119ki r\u00f3\u017cnym kolorom, wzorom i kszta\u0142tom ten wazon z pewno\u015bci\u0105 uzupe\u0142ni ka\u017cde pomieszczenie. Wykonane z wysokiej jako\u015bci materia\u0142\u00f3w z artystycznym dotykiem s\u0105 \u015bwietne na ka\u017cd\u0105 okazj\u0119, czyni\u0105c z nich co\u015b naprawd\u0119 wyj\u0105tkowego!<\/p>\n<p>Wykonane z najlepszej jako\u015bci szk\u0142a o \u017cywych kolorach, niestandardowych kszta\u0142tach i r\u00f3\u017cnych rozmiarach. Te wazony s\u0105 wykonywane r\u0119cznie przez artyst\u00f3w z Centrum Dziedzictwa Szk\u0142a.<\/p>\n","protected":false},"excerpt":{"rendered":"<p>D\u0142ugo\u015b\u0107: 12 cm<br \/>\nSzeroko\u015b\u0107: 12 cm<br \/>\nWysoko\u015b\u0107: 24 cm<\/p>\n","protected":false},"featured_media":398,"template":"","meta":[],"product_cat":[206],"product_tag":[],"_links":{"self":[{"href":"https:\/\/glassheritagecentre.com\/pl\/wp-json\/wp\/v2\/product\/3456"}],"collection":[{"href":"https:\/\/glassheritagecentre.com\/pl\/wp-json\/wp\/v2\/product"}],"about":[{"href":"https:\/\/glassheritagecentre.com\/pl\/wp-json\/wp\/v2\/types\/product"}],"wp:featuredmedia":[{"embeddable":true,"href":"https:\/\/glassheritagecentre.com\/pl\/wp-json\/wp\/v2\/media\/398"}],"wp:attachment":[{"href":"https:\/\/glassheritagecentre.com\/pl\/wp-json\/wp\/v2\/media?parent=3456"}],"wp:term":[{"taxonomy":"product_cat","embeddable":true,"href":"https:\/\/glassheritagecentre.com\/pl\/wp-json\/wp\/v2\/product_cat?post=3456"},{"taxonomy":"product_tag","embeddable":true,"href":"https:\/\/glassheritagecentre.com\/pl\/wp-json\/wp\/v2\/product_tag?post=3456"}],"curies":[{"name":"wp","href":"https:\/\/api.w.org\/{rel}","templated":true}]}}