{"id":3455,"date":"2022-07-18T13:14:59","date_gmt":"2022-07-18T11:22:22","guid":{"rendered":"https:\/\/glassheritagecentre.com\/szklany-wazon-fiamme\/"},"modified":"2022-07-18T13:22:28","modified_gmt":"2022-07-18T11:22:28","slug":"szklany-wazon-fiamme","status":"publish","type":"product","link":"https:\/\/glassheritagecentre.com\/pl\/szklany-wazon-fiamme\/","title":{"rendered":"Szklany Wazon Fiamme"},"content":{"rendered":"<p>Idealny wazon dekoracyjny na ka\u017cdy st\u00f3\u0142. Wykonany r\u0119cznie przez artyst\u00f3w z Centrum Dziedzictwa Szk\u0142a w najr\u00f3\u017cniejszych stylach i rozmiarach, jakie mo\u017cna sobie wyobrazi\u0107: kobaltowy b\u0142\u0119kit, przezroczysty, bogaty fiolet i wiele innych kolor\u00f3w i wzor\u00f3w w kszta\u0142tach takich jak kwadrat, okr\u0105g\u0142y lub prostok\u0105tny. Te r\u0119cznie dmuchane szklane wazony s\u0105 doskona\u0142ym dodatkiem do wystroju Twojego domu. Co wi\u0119cej, posiadanie jednego z tych wykwintnych wazon\u00f3w to przemy\u015blany gest, kt\u00f3ry umili ka\u017cdemu dzie\u0144.<\/p>\n<p>Nasze wyroby szklane wykonywane s\u0105 r\u0119cznie przez najwy\u017cszej jako\u015bci, najbardziej utalentowanych rzemie\u015blnik\u00f3w w kraju. Wszystkie nasze produkty s\u0105 wykonane z niezwyk\u0142\u0105 staranno\u015bci\u0105 i niesamowit\u0105 dba\u0142o\u015bci\u0105 o szczeg\u00f3\u0142y, dzi\u0119ki czemu mo\u017cesz mie\u0107 pewno\u015b\u0107, \u017ce bez w\u0105tpienia stan\u0105 si\u0119 cenionym elementem w Twoim domu przez wiele nadchodz\u0105cych dziesi\u0119cioleci. Przeznaczony do bycia Twoim ulubionym wazonem, to solidne arcydzie\u0142o jest wystarczaj\u0105co mocne, aby utrzyma\u0107 Twoje ulubione kwiaty, jednocze\u015bnie daj\u0105c im troch\u0119 przestrzeni.<\/p>\n","protected":false},"excerpt":{"rendered":"<p>D\u0142ugo\u015b\u0107: 9 cm<br \/>\nSzeroko\u015b\u0107: 15 cm<br \/>\nWysoko\u015b\u0107: 24 cm<\/p>\n","protected":false},"featured_media":389,"template":"","meta":[],"product_cat":[206],"product_tag":[],"_links":{"self":[{"href":"https:\/\/glassheritagecentre.com\/pl\/wp-json\/wp\/v2\/product\/3455"}],"collection":[{"href":"https:\/\/glassheritagecentre.com\/pl\/wp-json\/wp\/v2\/product"}],"about":[{"href":"https:\/\/glassheritagecentre.com\/pl\/wp-json\/wp\/v2\/types\/product"}],"wp:featuredmedia":[{"embeddable":true,"href":"https:\/\/glassheritagecentre.com\/pl\/wp-json\/wp\/v2\/media\/389"}],"wp:attachment":[{"href":"https:\/\/glassheritagecentre.com\/pl\/wp-json\/wp\/v2\/media?parent=3455"}],"wp:term":[{"taxonomy":"product_cat","embeddable":true,"href":"https:\/\/glassheritagecentre.com\/pl\/wp-json\/wp\/v2\/product_cat?post=3455"},{"taxonomy":"product_tag","embeddable":true,"href":"https:\/\/glassheritagecentre.com\/pl\/wp-json\/wp\/v2\/product_tag?post=3455"}],"curies":[{"name":"wp","href":"https:\/\/api.w.org\/{rel}","templated":true}]}}