{"id":3454,"date":"2022-07-18T13:14:59","date_gmt":"2022-07-18T11:22:22","guid":{"rendered":"https:\/\/glassheritagecentre.com\/szklany-wazon-giraffa\/"},"modified":"2022-07-18T13:22:27","modified_gmt":"2022-07-18T11:22:27","slug":"szklany-wazon-giraffa","status":"publish","type":"product","link":"https:\/\/glassheritagecentre.com\/pl\/szklany-wazon-giraffa\/","title":{"rendered":"Szklany Wazon Giraffa"},"content":{"rendered":"<p>Szklane wazony doskonale nadaj\u0105 si\u0119 na akcenty w ka\u017cdym domu. Dzi\u0119ki r\u00f3\u017cnorodno\u015bci kolor\u00f3w, wzor\u00f3w i kszta\u0142t\u00f3w do wyboru, te elementy dekoracyjne pi\u0119knie wpasuj\u0105 si\u0119 w ka\u017cde wn\u0119trze. Niezale\u017cnie od tego, czy szukasz idealnego prezentu, czy chcesz mie\u0107 specjaln\u0105 dekoracj\u0119 na stole, nasze szklane wazony sprawdz\u0105 si\u0119 na ka\u017cd\u0105 okazj\u0119!<\/p>\n<p>Ten pi\u0119kny dekoracyjny wazon zachwyci wszystkich go\u015bci swoim prostym, ale efektownym wzornictwem. Dzi\u0119ki r\u00f3\u017cnorodno\u015bci dost\u0119pnych kszta\u0142t\u00f3w, rozmiar\u00f3w i kolor\u00f3w ka\u017cdy znajdzie co\u015b dla siebie! Szk\u0142o zosta\u0142o bezb\u0142\u0119dnie wykonane r\u0119cznie przez wykwalifikowanych artyst\u00f3w z Centrum Dziedzictwa Szk\u0142a w Polsce.<\/p>\n","protected":false},"excerpt":{"rendered":"<p>D\u0142ugo\u015b\u0107: 12 cm<br \/>\nSzeroko\u015b\u0107: 12 cm<br \/>\nWysoko\u015b\u0107: 25 cm<\/p>\n","protected":false},"featured_media":380,"template":"","meta":[],"product_cat":[206],"product_tag":[],"_links":{"self":[{"href":"https:\/\/glassheritagecentre.com\/pl\/wp-json\/wp\/v2\/product\/3454"}],"collection":[{"href":"https:\/\/glassheritagecentre.com\/pl\/wp-json\/wp\/v2\/product"}],"about":[{"href":"https:\/\/glassheritagecentre.com\/pl\/wp-json\/wp\/v2\/types\/product"}],"wp:featuredmedia":[{"embeddable":true,"href":"https:\/\/glassheritagecentre.com\/pl\/wp-json\/wp\/v2\/media\/380"}],"wp:attachment":[{"href":"https:\/\/glassheritagecentre.com\/pl\/wp-json\/wp\/v2\/media?parent=3454"}],"wp:term":[{"taxonomy":"product_cat","embeddable":true,"href":"https:\/\/glassheritagecentre.com\/pl\/wp-json\/wp\/v2\/product_cat?post=3454"},{"taxonomy":"product_tag","embeddable":true,"href":"https:\/\/glassheritagecentre.com\/pl\/wp-json\/wp\/v2\/product_tag?post=3454"}],"curies":[{"name":"wp","href":"https:\/\/api.w.org\/{rel}","templated":true}]}}