{"id":3453,"date":"2022-07-18T13:14:59","date_gmt":"2022-07-18T11:22:22","guid":{"rendered":"https:\/\/glassheritagecentre.com\/szklany-wazon-fuoco\/"},"modified":"2022-07-18T13:22:27","modified_gmt":"2022-07-18T11:22:27","slug":"szklany-wazon-fuoco","status":"publish","type":"product","link":"https:\/\/glassheritagecentre.com\/pl\/szklany-wazon-fuoco\/","title":{"rendered":"Szklany Wazon Fuoco"},"content":{"rendered":"<p>Centrum Dziedzictwa Szk\u0142a jest uznanym liderem w bran\u017cy wyrob\u00f3w szklanych, za\u0142o\u017conym ponad 100 lat temu. Kontynuujemy nasze bogate dziedzictwo, u\u017cywaj\u0105c tylko najlepszej jako\u015bci materia\u0142\u00f3w, w tym szlachetnych klejnot\u00f3w i kryszta\u0142\u00f3w, aby ozdabia\u0107 wiele naszych projekt\u00f3w. Ten wazon prezentuje si\u0119 fenomenalnie; mo\u017cesz go postawi\u0107 na swoim ulubionym stole lub kominku!<\/p>\n<p>Wazon ze szk\u0142a to idealna dekoracja na ka\u017cdy st\u00f3\u0142. Ten elegancki szklany wazon zosta\u0142 wypolerowany i stworzony przez nasz zesp\u00f3\u0142 utalentowanych lokalnych artyst\u00f3w. Wazon oferuje wsp\u00f3\u0142czesny wygl\u0105d, jednocze\u015bnie zachowuj\u0105c tradycyjn\u0105 form\u0119 i u\u017cyteczno\u015b\u0107.<\/p>\n","protected":false},"excerpt":{"rendered":"<p>D\u0142ugo\u015b\u0107: 12 cm<br \/>\nSzeroko\u015b\u0107: 12 cm<br \/>\nWysoko\u015b\u0107: 25 cm<\/p>\n","protected":false},"featured_media":371,"template":"","meta":[],"product_cat":[206],"product_tag":[],"_links":{"self":[{"href":"https:\/\/glassheritagecentre.com\/pl\/wp-json\/wp\/v2\/product\/3453"}],"collection":[{"href":"https:\/\/glassheritagecentre.com\/pl\/wp-json\/wp\/v2\/product"}],"about":[{"href":"https:\/\/glassheritagecentre.com\/pl\/wp-json\/wp\/v2\/types\/product"}],"wp:featuredmedia":[{"embeddable":true,"href":"https:\/\/glassheritagecentre.com\/pl\/wp-json\/wp\/v2\/media\/371"}],"wp:attachment":[{"href":"https:\/\/glassheritagecentre.com\/pl\/wp-json\/wp\/v2\/media?parent=3453"}],"wp:term":[{"taxonomy":"product_cat","embeddable":true,"href":"https:\/\/glassheritagecentre.com\/pl\/wp-json\/wp\/v2\/product_cat?post=3453"},{"taxonomy":"product_tag","embeddable":true,"href":"https:\/\/glassheritagecentre.com\/pl\/wp-json\/wp\/v2\/product_tag?post=3453"}],"curies":[{"name":"wp","href":"https:\/\/api.w.org\/{rel}","templated":true}]}}