{"id":3452,"date":"2022-07-18T13:14:59","date_gmt":"2022-07-18T11:22:22","guid":{"rendered":"https:\/\/glassheritagecentre.com\/szklany-wazon-abisso-nero\/"},"modified":"2022-07-18T13:22:26","modified_gmt":"2022-07-18T11:22:26","slug":"szklany-wazon-abisso-nero","status":"publish","type":"product","link":"https:\/\/glassheritagecentre.com\/pl\/szklany-wazon-abisso-nero\/","title":{"rendered":"Szklany Wazon Abisso Nero"},"content":{"rendered":"<p>Szklany wazon to zachwycaj\u0105cy dodatek do wystroju domu. G\u0142adkie powierzchnie i elegancki kolor naszych szklanych wazon\u00f3w doskonale sprawdzaj\u0105 si\u0119 jako p\u0142\u00f3tno dla kwiat\u00f3w, dodaj\u0105c odpowiedni akcent do ka\u017cdego pomieszczenia. Dzi\u0119ki r\u00f3\u017cnym wzorom dost\u0119pnym w wielu kolorach od z\u0142otego do niebieskiego, znajdziesz co\u015b, co idealnie uzupe\u0142ni Twoje stylizacje. GHC posiada wieloletnie do\u015bwiadczenie w tworzeniu wysokiej jako\u015bci produkt\u00f3w ze szk\u0142a ze szczeg\u00f3ln\u0105 dba\u0142o\u015bci\u0105 o szczeg\u00f3\u0142y. Wybierz jeden lub nawet trzy wazony do swojego mieszkania lub wykorzystaj je na specjalne okazje, takie jak \u015bluby i urodziny &#8211; zrobi\u0105 doskona\u0142y prezent!<\/p>\n<p>Wazon to niezb\u0119dne naczynie na kwiaty lub inne aran\u017cacje. To centralny element ka\u017cdego nakrycia sto\u0142u, dostosuj go do swoich upodoba\u0144, u\u017cywaj\u0105c jednego z naszych stylowych szklanych wazon\u00f3w produkowanych przez domow\u0105 hut\u0119 szk\u0142a GHC. Twoi go\u015bcie z pewno\u015bci\u0105 b\u0119d\u0105 pod wra\u017ceniem tego dodatkowego akcentu, kt\u00f3ry doda\u0142e\u015b.<\/p>\n","protected":false},"excerpt":{"rendered":"<p>D\u0142ugo\u015b\u0107: 16 cm<br \/>\nSzeroko\u015b\u0107: 16 cm<br \/>\nWysoko\u015b\u0107: 20 cm<\/p>\n","protected":false},"featured_media":362,"template":"","meta":[],"product_cat":[206],"product_tag":[],"_links":{"self":[{"href":"https:\/\/glassheritagecentre.com\/pl\/wp-json\/wp\/v2\/product\/3452"}],"collection":[{"href":"https:\/\/glassheritagecentre.com\/pl\/wp-json\/wp\/v2\/product"}],"about":[{"href":"https:\/\/glassheritagecentre.com\/pl\/wp-json\/wp\/v2\/types\/product"}],"wp:featuredmedia":[{"embeddable":true,"href":"https:\/\/glassheritagecentre.com\/pl\/wp-json\/wp\/v2\/media\/362"}],"wp:attachment":[{"href":"https:\/\/glassheritagecentre.com\/pl\/wp-json\/wp\/v2\/media?parent=3452"}],"wp:term":[{"taxonomy":"product_cat","embeddable":true,"href":"https:\/\/glassheritagecentre.com\/pl\/wp-json\/wp\/v2\/product_cat?post=3452"},{"taxonomy":"product_tag","embeddable":true,"href":"https:\/\/glassheritagecentre.com\/pl\/wp-json\/wp\/v2\/product_tag?post=3452"}],"curies":[{"name":"wp","href":"https:\/\/api.w.org\/{rel}","templated":true}]}}