{"id":3451,"date":"2022-07-18T13:14:59","date_gmt":"2022-07-18T11:22:22","guid":{"rendered":"https:\/\/glassheritagecentre.com\/szklany-wazon-colorato\/"},"modified":"2022-07-18T13:22:26","modified_gmt":"2022-07-18T11:22:26","slug":"szklany-wazon-colorato","status":"publish","type":"product","link":"https:\/\/glassheritagecentre.com\/pl\/szklany-wazon-colorato\/","title":{"rendered":"Szklany Wazon Colorato"},"content":{"rendered":"<p>Znalezienie idealnego wazonu mo\u017ce oczywi\u015bcie by\u0142o trudne, ale na szcz\u0119\u015bcie sklep GHC to zmieni\u0142. Arty\u015bci i tw\u00f3rcy naszych szklanych wazon\u00f3w chc\u0105, aby\u015b wiedzia\u0142, \u017ce w ich ofercie istnieje wiele opcji o r\u00f3\u017cnych kszta\u0142tach, kolorach i stylach.<\/p>\n<p>Dodaj stylu do ka\u017cdego pomieszczenia dzi\u0119ki temu wazonowi. Od ponadprzeci\u0119tnego szk\u0142a po wyszukane wzory marmurowe, jeden z tych element\u00f3w dekoracyjnych b\u0119dzie idealny do wystroju Twojego domu. Zmie\u0144 swoj\u0105 przestrze\u0144 \u017cyciow\u0105 w osza\u0142amiaj\u0105cy zielony \u015bwiat. Niekt\u00f3re z naszych wazon\u00f3w s\u0105 na tyle ma\u0142e, \u017ce mog\u0105 z \u0142atwo\u015bci\u0105 podr\u00f3\u017cowa\u0107 i zmie\u015bci\u0107 si\u0119 w ka\u017cdej przestrzeni, w kt\u00f3rej chcesz stworzy\u0107 niesamowit\u0105 atmosfer\u0119.<\/p>\n","protected":false},"excerpt":{"rendered":"<p>D\u0142ugo\u015b\u0107: 16 cm<br \/>\nSzeroko\u015b\u0107: 16 cm<br \/>\nWysoko\u015b\u0107: 20 cm<\/p>\n","protected":false},"featured_media":353,"template":"","meta":[],"product_cat":[206],"product_tag":[],"_links":{"self":[{"href":"https:\/\/glassheritagecentre.com\/pl\/wp-json\/wp\/v2\/product\/3451"}],"collection":[{"href":"https:\/\/glassheritagecentre.com\/pl\/wp-json\/wp\/v2\/product"}],"about":[{"href":"https:\/\/glassheritagecentre.com\/pl\/wp-json\/wp\/v2\/types\/product"}],"wp:featuredmedia":[{"embeddable":true,"href":"https:\/\/glassheritagecentre.com\/pl\/wp-json\/wp\/v2\/media\/353"}],"wp:attachment":[{"href":"https:\/\/glassheritagecentre.com\/pl\/wp-json\/wp\/v2\/media?parent=3451"}],"wp:term":[{"taxonomy":"product_cat","embeddable":true,"href":"https:\/\/glassheritagecentre.com\/pl\/wp-json\/wp\/v2\/product_cat?post=3451"},{"taxonomy":"product_tag","embeddable":true,"href":"https:\/\/glassheritagecentre.com\/pl\/wp-json\/wp\/v2\/product_tag?post=3451"}],"curies":[{"name":"wp","href":"https:\/\/api.w.org\/{rel}","templated":true}]}}