{"id":3450,"date":"2022-07-18T13:14:59","date_gmt":"2022-07-18T11:22:22","guid":{"rendered":"https:\/\/glassheritagecentre.com\/szklany-wazon-paesaggio\/"},"modified":"2022-07-18T13:22:25","modified_gmt":"2022-07-18T11:22:25","slug":"szklany-wazon-paesaggio","status":"publish","type":"product","link":"https:\/\/glassheritagecentre.com\/pl\/szklany-wazon-paesaggio\/","title":{"rendered":"Szklany Wazon Paesaggio"},"content":{"rendered":"<p>Nieoczekiwany bukiet od ukochanej osoby zas\u0142uguje na godn\u0105 opraw\u0119. Wazon szklany z GHC jest idealny na ka\u017cd\u0105 okazj\u0119, du\u017c\u0105 lub ma\u0142\u0105. Dobrze pasuje do ka\u017cdego pomieszczenia i natychmiast poprawia wystr\u00f3j domu. Pi\u0119kne dla oka, poniewa\u017c kolorowe kwiaty dodaj\u0105 popu! Te luksusowe, wysokiej jako\u015bci szklane wazony s\u0105 wyposa\u017cone w nierysuj\u0105c\u0105 podstaw\u0119, kt\u00f3ra bezpiecznie zwi\u0119ksza ich stabilno\u015b\u0107 na powierzchniach. Mo\u017cesz je przechowywa\u0107 w dowolnym miejscu: biurko, stolik kawowy, blat kuchenny &#8211; gdziekolwiek chcesz!<\/p>\n<p>Prezent w postaci kwiat\u00f3w mo\u017ce mie\u0107 wiele kolor\u00f3w, kszta\u0142t\u00f3w i rozmiar\u00f3w. Nie mo\u017cna przeoczy\u0107 prezentu, kt\u00f3ry zas\u0142uguje na idealn\u0105 opraw\u0119, dlatego oferujemy szereg pi\u0119knych szklanych wazon\u00f3w pod mark\u0105 GHC.<\/p>\n","protected":false},"excerpt":{"rendered":"<p>D\u0142ugo\u015b\u0107: 16 cm<br \/>\nSzeroko\u015b\u0107: 16 cm<br \/>\nWysoko\u015b\u0107: 20 cm<\/p>\n","protected":false},"featured_media":344,"template":"","meta":[],"product_cat":[206],"product_tag":[],"_links":{"self":[{"href":"https:\/\/glassheritagecentre.com\/pl\/wp-json\/wp\/v2\/product\/3450"}],"collection":[{"href":"https:\/\/glassheritagecentre.com\/pl\/wp-json\/wp\/v2\/product"}],"about":[{"href":"https:\/\/glassheritagecentre.com\/pl\/wp-json\/wp\/v2\/types\/product"}],"wp:featuredmedia":[{"embeddable":true,"href":"https:\/\/glassheritagecentre.com\/pl\/wp-json\/wp\/v2\/media\/344"}],"wp:attachment":[{"href":"https:\/\/glassheritagecentre.com\/pl\/wp-json\/wp\/v2\/media?parent=3450"}],"wp:term":[{"taxonomy":"product_cat","embeddable":true,"href":"https:\/\/glassheritagecentre.com\/pl\/wp-json\/wp\/v2\/product_cat?post=3450"},{"taxonomy":"product_tag","embeddable":true,"href":"https:\/\/glassheritagecentre.com\/pl\/wp-json\/wp\/v2\/product_tag?post=3450"}],"curies":[{"name":"wp","href":"https:\/\/api.w.org\/{rel}","templated":true}]}}