{"id":3449,"date":"2022-07-18T13:14:59","date_gmt":"2022-07-18T11:22:22","guid":{"rendered":"https:\/\/glassheritagecentre.com\/szklany-wazon-caffe\/"},"modified":"2022-07-18T13:22:24","modified_gmt":"2022-07-18T11:22:24","slug":"szklany-wazon-caffe","status":"publish","type":"product","link":"https:\/\/glassheritagecentre.com\/pl\/szklany-wazon-caffe\/","title":{"rendered":"Szklany Wazon Caff\u00e8"},"content":{"rendered":"<p>Wazon to niezb\u0119dny przedmiot w ka\u017cdym domu. To prawda, kwiaty potrzebuj\u0105 wilgoci i \u015bwie\u017cego powietrza, aby rosn\u0105\u0107, ale potrzeba czego\u015b wi\u0119cej ni\u017c tylko kwiat\u00f3w aby uczyni\u0107 Tw\u00f3j dom ciep\u0142ym i go\u015bcinnym. Centralny element sto\u0142u wype\u0142niony Twoimi ulubionymi kwiatami pi\u0119knie wygl\u0105da udrapowany w zieleni, o\u017cywia pok\u00f3j, dodaj\u0105c jednocze\u015bnie naturalnego pi\u0119kna, kt\u00f3rego nie mo\u017cna znale\u017a\u0107 w \u017cadnym sklepie. Dekoracja serdecznej atmosfery, kt\u00f3ra otacza nas podczas rodzinnych spotka\u0144, jest mo\u017cliwa dzi\u0119ki tym wyj\u0105tkowym szklanym wazonom.<\/p>\n<p>Wazony szklane przeznaczone s\u0105 do przechowywania wody lub innych p\u0142yn\u00f3w, jednak ich faktyczne zastosowanie zale\u017cy wy\u0142\u0105cznie od wyobra\u017ani widza! Wazony by\u0142y u\u017cywane przez ludzi od czas\u00f3w prehistorycznych do przechowywania olej\u00f3w lub wina, zanim zosta\u0142y od\u0142o\u017cone do cel\u00f3w zdobniczych. Luksusowa i ponadczasowa ozdoba &#8211; szklany wazon zar\u00f3wno dope\u0142nia znajduj\u0105ce si\u0119 w nim kwiaty, jak i zapewnia d\u0142ugowieczno\u015b\u0107 aran\u017cacjom z wewn\u0105trz kaskadow\u0105 zieleni\u0105 lub suszonymi owocami. Przy tak wielu r\u00f3\u017cnych rodzajach wazon\u00f3w, w ofercie GHC masz gwarancj\u0119, \u017ce znajdziesz taki, kt\u00f3ry odpowiada Twoim potrzebom, jak \u017caden inny.<\/p>\n","protected":false},"excerpt":{"rendered":"<p>D\u0142ugo\u015b\u0107: 16 cm<br \/>\nSzeroko\u015b\u0107: 16 cm<br \/>\nWysoko\u015b\u0107: 20 cm<\/p>\n","protected":false},"featured_media":335,"template":"","meta":[],"product_cat":[206],"product_tag":[],"_links":{"self":[{"href":"https:\/\/glassheritagecentre.com\/pl\/wp-json\/wp\/v2\/product\/3449"}],"collection":[{"href":"https:\/\/glassheritagecentre.com\/pl\/wp-json\/wp\/v2\/product"}],"about":[{"href":"https:\/\/glassheritagecentre.com\/pl\/wp-json\/wp\/v2\/types\/product"}],"wp:featuredmedia":[{"embeddable":true,"href":"https:\/\/glassheritagecentre.com\/pl\/wp-json\/wp\/v2\/media\/335"}],"wp:attachment":[{"href":"https:\/\/glassheritagecentre.com\/pl\/wp-json\/wp\/v2\/media?parent=3449"}],"wp:term":[{"taxonomy":"product_cat","embeddable":true,"href":"https:\/\/glassheritagecentre.com\/pl\/wp-json\/wp\/v2\/product_cat?post=3449"},{"taxonomy":"product_tag","embeddable":true,"href":"https:\/\/glassheritagecentre.com\/pl\/wp-json\/wp\/v2\/product_tag?post=3449"}],"curies":[{"name":"wp","href":"https:\/\/api.w.org\/{rel}","templated":true}]}}