{"id":3448,"date":"2022-07-18T13:14:59","date_gmt":"2022-07-18T11:22:22","guid":{"rendered":"https:\/\/glassheritagecentre.com\/szklany-wazon-paradiso\/"},"modified":"2022-07-18T13:22:23","modified_gmt":"2022-07-18T11:22:23","slug":"szklany-wazon-paradiso","status":"publish","type":"product","link":"https:\/\/glassheritagecentre.com\/pl\/szklany-wazon-paradiso\/","title":{"rendered":"Szklany Wazon Paradiso"},"content":{"rendered":"<p>Wznie\u015b przemy\u015blany gest dla ukochanej osoby na wy\u017cszy poziom, wybieraj\u0105c pi\u0119kny wazon, kt\u00f3ry b\u0119dzie s\u0142u\u017cy\u0142 nie tylko jako elegancki dom dla jej kwiat\u00f3w, ale tak\u017ce jako idealny element dekoruj\u0105cy. Wybierz z naszej szerokiej gamy styl\u00f3w, form i kolor\u00f3w, aby znale\u017a\u0107 co\u015b, co idealnie pasuje do wystroju Twojego domu. Pokochasz te\u017c, jak praktyczne s\u0105 nasze szklane wazony!<\/p>\n<p>Szk\u0142o jest jednym z najcz\u0119\u015bciej stosowanych materia\u0142\u00f3w na pojemniki. Ale nie wszystkie rodzaje szk\u0142a s\u0105 sobie r\u00f3wne; nasze wazony wykonane s\u0105 z najwy\u017cszej jako\u015bci materia\u0142\u00f3w. Wybierz odpowiedni wazon, kt\u00f3ry odegra pi\u0119kn\u0105 ozdobn\u0105 rol\u0119, pomagaj\u0105c wyeksponowa\u0107 Twoje ulubione kwiaty lub inne elementy dekoracyjne. Dost\u0119pny w wielu kszta\u0142tach, rozmiarach i kolorach, Tw\u00f3j szklany wazon z GHC upi\u0119ksza \u015bwiat swoj\u0105 prostot\u0105 i elegancj\u0105. Wybieraj spo\u015br\u00f3d r\u00f3\u017cnych wzor\u00f3w aby nada\u0107 osobowo\u015bci ka\u017cdej przestrzeni, jednocze\u015bnie spe\u0142niaj\u0105c potrzeby funkcjonalne!<\/p>\n","protected":false},"excerpt":{"rendered":"<p>D\u0142ugo\u015b\u0107: 12 cm<br \/>\nSzeroko\u015b\u0107: 12 cm<br \/>\nWysoko\u015b\u0107: 28 cm<\/p>\n","protected":false},"featured_media":326,"template":"","meta":[],"product_cat":[206],"product_tag":[],"_links":{"self":[{"href":"https:\/\/glassheritagecentre.com\/pl\/wp-json\/wp\/v2\/product\/3448"}],"collection":[{"href":"https:\/\/glassheritagecentre.com\/pl\/wp-json\/wp\/v2\/product"}],"about":[{"href":"https:\/\/glassheritagecentre.com\/pl\/wp-json\/wp\/v2\/types\/product"}],"wp:featuredmedia":[{"embeddable":true,"href":"https:\/\/glassheritagecentre.com\/pl\/wp-json\/wp\/v2\/media\/326"}],"wp:attachment":[{"href":"https:\/\/glassheritagecentre.com\/pl\/wp-json\/wp\/v2\/media?parent=3448"}],"wp:term":[{"taxonomy":"product_cat","embeddable":true,"href":"https:\/\/glassheritagecentre.com\/pl\/wp-json\/wp\/v2\/product_cat?post=3448"},{"taxonomy":"product_tag","embeddable":true,"href":"https:\/\/glassheritagecentre.com\/pl\/wp-json\/wp\/v2\/product_tag?post=3448"}],"curies":[{"name":"wp","href":"https:\/\/api.w.org\/{rel}","templated":true}]}}