{"id":3447,"date":"2022-07-18T13:14:59","date_gmt":"2022-07-18T11:22:22","guid":{"rendered":"https:\/\/glassheritagecentre.com\/szklana-ryba-bianca\/"},"modified":"2022-07-18T13:22:23","modified_gmt":"2022-07-18T11:22:23","slug":"szklana-ryba-bianca","status":"publish","type":"product","link":"https:\/\/glassheritagecentre.com\/pl\/szklana-ryba-bianca\/","title":{"rendered":"Szklana Ryba Bianca"},"content":{"rendered":"<p>Ta kolorowa szklana rybka z pewno\u015bci\u0105 b\u0119dzie wyr\u00f3\u017cnia\u0107 si\u0119 w Twoim domu. Polscy rzemie\u015blnicy stworzyli rzadki przedmiot, kt\u00f3ry nie tylko b\u0119dzie \u0142adnie wygl\u0105da\u0142 na Twoim stole, ale ma te\u017c dodatkowe zalety np. nie zawiera o\u0142owiu.<\/p>\n<p>Niech dekoracje i styl Twojego sto\u0142u b\u0119d\u0105 wyj\u0105tkowe dzi\u0119ki jednej z naszych szklanych rybek. Nadaje si\u0119 na ka\u017cd\u0105 okazj\u0119, oferujemy szerok\u0105 gam\u0119 rozmiar\u00f3w i kolor\u00f3w, aby mie\u0107 pewno\u015b\u0107, \u017ce mamy idealny element, kt\u00f3ry spe\u0142ni Twoje potrzeby.<\/p>\n<p>Szklana rybka to eleganckie przedstawienie tego, jak wygl\u0105da \u017cycie w wodzie. Delikatny blask widoczny w tych egzemplarzach jest mo\u017cliwy dzi\u0119ki dodatkowi z\u0142ota w stopionym szkle, wyr\u00f3\u017cniaj\u0105cym je spo\u015br\u00f3d innych produkt\u00f3w na p\u00f3\u0142kach targowych. Od ponad 100 lat, kiedy nasza firma rozpocz\u0119\u0142a dzia\u0142alno\u015b\u0107, do produkcji tego ponadczasowego wyrobu wykorzystywane s\u0105 wy\u0142\u0105cznie autentyczne polskie wzory i techniki &#8211; zachowuj\u0105c tradycj\u0119, jednocze\u015bnie uhonorowuj\u0105c polsk\u0105 kreatywno\u015b\u0107.<\/p>\n","protected":false},"excerpt":{"rendered":"<p>D\u0142ugo\u015b\u0107: 35 cm<br \/>\nSzeroko\u015b\u0107: 6 cm<br \/>\nWysoko\u015b\u0107: 15 cm<\/p>\n","protected":false},"featured_media":317,"template":"","meta":[],"product_cat":[206,160,158,152],"product_tag":[],"_links":{"self":[{"href":"https:\/\/glassheritagecentre.com\/pl\/wp-json\/wp\/v2\/product\/3447"}],"collection":[{"href":"https:\/\/glassheritagecentre.com\/pl\/wp-json\/wp\/v2\/product"}],"about":[{"href":"https:\/\/glassheritagecentre.com\/pl\/wp-json\/wp\/v2\/types\/product"}],"wp:featuredmedia":[{"embeddable":true,"href":"https:\/\/glassheritagecentre.com\/pl\/wp-json\/wp\/v2\/media\/317"}],"wp:attachment":[{"href":"https:\/\/glassheritagecentre.com\/pl\/wp-json\/wp\/v2\/media?parent=3447"}],"wp:term":[{"taxonomy":"product_cat","embeddable":true,"href":"https:\/\/glassheritagecentre.com\/pl\/wp-json\/wp\/v2\/product_cat?post=3447"},{"taxonomy":"product_tag","embeddable":true,"href":"https:\/\/glassheritagecentre.com\/pl\/wp-json\/wp\/v2\/product_tag?post=3447"}],"curies":[{"name":"wp","href":"https:\/\/api.w.org\/{rel}","templated":true}]}}