{"id":3446,"date":"2022-07-18T13:14:59","date_gmt":"2022-07-18T11:22:22","guid":{"rendered":"https:\/\/glassheritagecentre.com\/szklana-ryba-macchia\/"},"modified":"2022-07-18T13:22:22","modified_gmt":"2022-07-18T11:22:22","slug":"szklana-ryba-macchia","status":"publish","type":"product","link":"https:\/\/glassheritagecentre.com\/pl\/szklana-ryba-macchia\/","title":{"rendered":"Szklana Ryba Macchia"},"content":{"rendered":"<p>Szklane ryby s\u0105 modne w\u015br\u00f3d projektant\u00f3w wn\u0119trz a tak\u017ce Twoich modnych przyjaci\u00f3\u0142. Te unikatowe, r\u0119cznie wykonane dzie\u0142a sztuki podkre\u015bl\u0105 ka\u017cdy pok\u00f3j. Pozw\u00f3l im p\u0142ynnie p\u0142ywa\u0107 w\u015br\u00f3d ro\u015blin wodnych i innych podwodnych stworze\u0144, kt\u00f3re wy\u015bcie\u0142aj\u0105 kraw\u0119dzie blatu Twojego sto\u0142u lub szafki, aby stworzy\u0107 naturaln\u0105, zrelaksowan\u0105 atmosfer\u0119 w ka\u017cdej przestrzeni. Mo\u017ce r\u00f3wnie\u017c ustawisz j\u0105 na honorowym miejscu na p\u00f3\u0142ce w szafie tu\u017c nad poziomem oczu, aby uzyska\u0107 dramatyczny charakter! Nasze Centrum Dziedzictwa Szk\u0142a oferuje szeroki wyb\u00f3r autentycznych szklanych ryb, kt\u00f3re s\u0105 nie tylko oryginalne, ale tak\u017ce misternie szczeg\u00f3\u0142owe. To eleganckie szk\u0142o wprowadza zapieraj\u0105cy dech w piersiach urok na sto\u0142ach obiadowych, czyni\u0105c z niego centralny punkt, kt\u00f3rym go\u015bcie mog\u0105 si\u0119 cieszy\u0107.<\/p>\n","protected":false},"excerpt":{"rendered":"<p>D\u0142ugo\u015b\u0107: 35 cm<br \/>\nSzeroko\u015b\u0107: 6 cm<br \/>\nWysoko\u015b\u0107: 15 cm<\/p>\n","protected":false},"featured_media":308,"template":"","meta":[],"product_cat":[206,160,158,152],"product_tag":[],"_links":{"self":[{"href":"https:\/\/glassheritagecentre.com\/pl\/wp-json\/wp\/v2\/product\/3446"}],"collection":[{"href":"https:\/\/glassheritagecentre.com\/pl\/wp-json\/wp\/v2\/product"}],"about":[{"href":"https:\/\/glassheritagecentre.com\/pl\/wp-json\/wp\/v2\/types\/product"}],"wp:featuredmedia":[{"embeddable":true,"href":"https:\/\/glassheritagecentre.com\/pl\/wp-json\/wp\/v2\/media\/308"}],"wp:attachment":[{"href":"https:\/\/glassheritagecentre.com\/pl\/wp-json\/wp\/v2\/media?parent=3446"}],"wp:term":[{"taxonomy":"product_cat","embeddable":true,"href":"https:\/\/glassheritagecentre.com\/pl\/wp-json\/wp\/v2\/product_cat?post=3446"},{"taxonomy":"product_tag","embeddable":true,"href":"https:\/\/glassheritagecentre.com\/pl\/wp-json\/wp\/v2\/product_tag?post=3446"}],"curies":[{"name":"wp","href":"https:\/\/api.w.org\/{rel}","templated":true}]}}