{"id":3445,"date":"2022-07-18T13:14:47","date_gmt":"2022-07-18T11:22:06","guid":{"rendered":"https:\/\/glassheritagecentre.com\/szklana-ryba-sensi\/"},"modified":"2022-07-18T13:22:19","modified_gmt":"2022-07-18T11:22:19","slug":"szklana-ryba-sensi","status":"publish","type":"product","link":"https:\/\/glassheritagecentre.com\/pl\/szklana-ryba-sensi\/","title":{"rendered":"Szklana Ryba Sensi"},"content":{"rendered":"<p>Oferowana przez nasz sklep r\u0119cznie robiona szklana rybka to przedmiot wyj\u0105tkowy, jedyny w swoim rodzaju. Oferujemy modele o r\u00f3\u017cnych rozmiarach i kszta\u0142tach wykonane z wysokiej klasy szk\u0142a, kt\u00f3re tworzy pi\u0119kne wzory. Kolory zatopione we wn\u0119trzu tego wyj\u0105tkowego przedmiotu tworz\u0105 aur\u0119, kt\u00f3ra sprawia, \u017ce \u200b\u200bnie spos\u00f3b nie da\u0107 si\u0119 uwie\u015b\u0107 jego pi\u0119knu i wyj\u0105tkowo\u015bci. Nasza firma zatrudnia profesjonalist\u00f3w, kt\u00f3rzy specjalizuj\u0105 si\u0119 w r\u0119cznie robionej sztuce ze szk\u0142a; gwarantujemy tylko perfekcyjne wzory za ka\u017cdym razem, gdy kupujesz nasz produkt!<\/p>\n<p>Oferujemy szereg produkt\u00f3w jakimi s\u0105 szklane ryby, poniewa\u017c w przeciwie\u0144stwie do innych zwierz\u0105t, te stworzenia mo\u017cna umie\u015bci\u0107 w dowolnym miejscu w domu. B\u0119d\u0105 Ci zazdro\u015bci\u0107 wszyscy znajomi, gdy zobacz\u0105 Ci\u0119 z tym nowym, kolorowym dzie\u0142em sztuki, kt\u00f3re doda pi\u0119kna i \u017cycia Twojemu domowi. Nikt nie zapomni tego fantastycznego dodatku do swojej p\u00f3\u0142ki, blatu czy biura, bo jest zbyt \u0142adny! To jedyna rzecz, kt\u00f3rej ludzie zawsze potrzebuj\u0105 wi\u0119cej: atrakcyjny wystr\u00f3j ka\u017cdej przestrzeni. Dzi\u0119ki naszemu wspania\u0142emu asortymentowi jeste\u015bmy pewni, \u017ce b\u0119dziesz usatysfakcjonowany podj\u0119ciem decyzji o tym, gdzie chcesz umie\u015bci\u0107 swojego nowego kumpla.<\/p>\n","protected":false},"excerpt":{"rendered":"<p>D\u0142ugo\u015b\u0107: 35 cm<br \/>\nSzeroko\u015b\u0107: 6 cm<br \/>\nWysoko\u015b\u0107: 15 cm<\/p>\n","protected":false},"featured_media":299,"template":"","meta":[],"product_cat":[206,160,158,152],"product_tag":[],"_links":{"self":[{"href":"https:\/\/glassheritagecentre.com\/pl\/wp-json\/wp\/v2\/product\/3445"}],"collection":[{"href":"https:\/\/glassheritagecentre.com\/pl\/wp-json\/wp\/v2\/product"}],"about":[{"href":"https:\/\/glassheritagecentre.com\/pl\/wp-json\/wp\/v2\/types\/product"}],"wp:featuredmedia":[{"embeddable":true,"href":"https:\/\/glassheritagecentre.com\/pl\/wp-json\/wp\/v2\/media\/299"}],"wp:attachment":[{"href":"https:\/\/glassheritagecentre.com\/pl\/wp-json\/wp\/v2\/media?parent=3445"}],"wp:term":[{"taxonomy":"product_cat","embeddable":true,"href":"https:\/\/glassheritagecentre.com\/pl\/wp-json\/wp\/v2\/product_cat?post=3445"},{"taxonomy":"product_tag","embeddable":true,"href":"https:\/\/glassheritagecentre.com\/pl\/wp-json\/wp\/v2\/product_tag?post=3445"}],"curies":[{"name":"wp","href":"https:\/\/api.w.org\/{rel}","templated":true}]}}