{"id":3444,"date":"2022-07-18T13:14:47","date_gmt":"2022-07-18T11:22:06","guid":{"rendered":"https:\/\/glassheritagecentre.com\/szklana-ryba-punti\/"},"modified":"2022-07-18T13:22:18","modified_gmt":"2022-07-18T11:22:18","slug":"szklana-ryba-punti","status":"publish","type":"product","link":"https:\/\/glassheritagecentre.com\/pl\/szklana-ryba-punti\/","title":{"rendered":"Szklana Ryba Punti"},"content":{"rendered":"<p>Te rzemie\u015blnicze ryby ze szk\u0142a s\u0105 r\u0119cznie malowane w bogatych, \u017cywych kolorach. Mo\u017cliwo\u015bci projektowe s\u0105 nieograniczone, gdy stworzysz w domu swoje w\u0142asne, niepowtarzalne szklane arcydzie\u0142o z tych limitowanych edycji. Dodaj kolor do swojego kominka, drewnianej komody lub sto\u0142u w salonie, aby uzyska\u0107 odrobin\u0119 luksusu i fantazyjnego stylu. Po\u0142\u00f3\u017c go na biurku, aby uzyska\u0107 natychmiastowy efekt b\u0142yszcz\u0105cej osobowo\u015bci!<\/p>\n<p>Czy istnieje bardziej \u017cywy zestaw kolor\u00f3w?  To przyci\u0105gaj\u0105ce wzrok szk\u0142o w stylu vintage to prosty spos\u00f3b na znalezienie idealnego elementu dekoracyjnego dla Twojego domu. Spraw, aby ka\u017cdy pok\u00f3j o\u017cy\u0142 rado\u015bci\u0105 i wspomnieniami z bogatej kultury Europy. Je\u015bli chcesz zachwyci\u0107 kogo\u015b wyj\u0105tkowego, czy mo\u017cna prosi\u0107 o co\u015b bardziej specjalnego ni\u017c r\u0119cznie robiony akcent wykonany w Polsce przez mistrz\u00f3w z The Glass Heritage Centre?<\/p>\n","protected":false},"excerpt":{"rendered":"<p>D\u0142ugo\u015b\u0107: 30 cm<br \/>\nSzeroko\u015b\u0107: 6 cm<br \/>\nWysoko\u015b\u0107: 15 cm<\/p>\n","protected":false},"featured_media":290,"template":"","meta":[],"product_cat":[206,160,158,152],"product_tag":[],"_links":{"self":[{"href":"https:\/\/glassheritagecentre.com\/pl\/wp-json\/wp\/v2\/product\/3444"}],"collection":[{"href":"https:\/\/glassheritagecentre.com\/pl\/wp-json\/wp\/v2\/product"}],"about":[{"href":"https:\/\/glassheritagecentre.com\/pl\/wp-json\/wp\/v2\/types\/product"}],"wp:featuredmedia":[{"embeddable":true,"href":"https:\/\/glassheritagecentre.com\/pl\/wp-json\/wp\/v2\/media\/290"}],"wp:attachment":[{"href":"https:\/\/glassheritagecentre.com\/pl\/wp-json\/wp\/v2\/media?parent=3444"}],"wp:term":[{"taxonomy":"product_cat","embeddable":true,"href":"https:\/\/glassheritagecentre.com\/pl\/wp-json\/wp\/v2\/product_cat?post=3444"},{"taxonomy":"product_tag","embeddable":true,"href":"https:\/\/glassheritagecentre.com\/pl\/wp-json\/wp\/v2\/product_tag?post=3444"}],"curies":[{"name":"wp","href":"https:\/\/api.w.org\/{rel}","templated":true}]}}