{"id":3443,"date":"2022-07-18T13:14:47","date_gmt":"2022-07-18T11:22:06","guid":{"rendered":"https:\/\/glassheritagecentre.com\/szklana-sowa-saggezza\/"},"modified":"2022-07-18T13:22:18","modified_gmt":"2022-07-18T11:22:18","slug":"szklana-sowa-saggezza","status":"publish","type":"product","link":"https:\/\/glassheritagecentre.com\/pl\/szklana-sowa-saggezza\/","title":{"rendered":"Szklana Sowa Saggezza"},"content":{"rendered":"<p>Szklana Sowa to dekoracja, kt\u00f3ra wykonana jest z kolorowego szk\u0142a.  Unikalno\u015b\u0107 projektu sprawia, \u017ce jest to pi\u0119kny akcent dekoracyjny na biurku w pracy, ale mo\u017cna r\u00f3wnie\u017c cieszy\u0107 si\u0119 nim w salonie, je\u015bli potrzebujesz czego\u015b \u0142adnego, ale subtelnego, aby poogl\u0105da\u0107 podczas relaksu.  Ka\u017cdy szczeg\u00f3\u0142 tego produktu zosta\u0142 mistrzowsko dopracowany dla uzyskania maksymalnego efektu.  Zas\u0142ugujesz na uczt\u0119 dla oczu i serca z tych drobiazgowo wykonanych figurek z Glass Heritage Centre!<\/p>\n<p>Centrum Dziedzictwa Szk\u0142a, to firma specjalizuj\u0105ca si\u0119 w produkcji i sprzeda\u017cy wyrob\u00f3w ze szk\u0142a.  Przedmioty te wykonane s\u0105 ze starannie dobranych materia\u0142\u00f3w z dba\u0142o\u015bci\u0105 o ka\u017cdy szczeg\u00f3\u0142 &#8211; praca uwzgl\u0119dniaj\u0105ca harmoni\u0119 i r\u00f3wnowag\u0119 pomi\u0119dzy funkcjonalno\u015bci\u0105, ergonomi\u0105 i estetyk\u0105.  Dlatego te\u017c dzi\u0119ki swojej wszechstronno\u015bci, oryginalno\u015bci i jako\u015bci stanowi\u0105 optymalne rozwi\u0105zanie dla ka\u017cdego domu.<\/p>\n<p> Klasyczna szklana sowa na Twoim biurku to powiew kreatywno\u015bci po\u0142\u0105czony z tradycyjnym pi\u0119knem!<\/p>\n","protected":false},"excerpt":{"rendered":"<p>D\u0142ugo\u015b\u0107: 4 cm<br \/>\nSzeroko\u015b\u0107: 15 cm<br \/>\nWysoko\u015b\u0107: 22 cm<\/p>\n","protected":false},"featured_media":281,"template":"","meta":[],"product_cat":[206,160,154,152],"product_tag":[],"_links":{"self":[{"href":"https:\/\/glassheritagecentre.com\/pl\/wp-json\/wp\/v2\/product\/3443"}],"collection":[{"href":"https:\/\/glassheritagecentre.com\/pl\/wp-json\/wp\/v2\/product"}],"about":[{"href":"https:\/\/glassheritagecentre.com\/pl\/wp-json\/wp\/v2\/types\/product"}],"wp:featuredmedia":[{"embeddable":true,"href":"https:\/\/glassheritagecentre.com\/pl\/wp-json\/wp\/v2\/media\/281"}],"wp:attachment":[{"href":"https:\/\/glassheritagecentre.com\/pl\/wp-json\/wp\/v2\/media?parent=3443"}],"wp:term":[{"taxonomy":"product_cat","embeddable":true,"href":"https:\/\/glassheritagecentre.com\/pl\/wp-json\/wp\/v2\/product_cat?post=3443"},{"taxonomy":"product_tag","embeddable":true,"href":"https:\/\/glassheritagecentre.com\/pl\/wp-json\/wp\/v2\/product_tag?post=3443"}],"curies":[{"name":"wp","href":"https:\/\/api.w.org\/{rel}","templated":true}]}}