{"id":3441,"date":"2022-07-18T13:14:47","date_gmt":"2022-07-18T11:22:06","guid":{"rendered":"https:\/\/glassheritagecentre.com\/szklany-mikolaj\/"},"modified":"2022-07-18T13:22:16","modified_gmt":"2022-07-18T11:22:16","slug":"szklany-mikolaj","status":"publish","type":"product","link":"https:\/\/glassheritagecentre.com\/pl\/szklany-mikolaj\/","title":{"rendered":"Szklany Miko\u0142aj"},"content":{"rendered":"<p>Szklane figurki Miko\u0142aj\u00f3w dost\u0119pne s\u0105 na stronie Centrum Dziedzictwa Szk\u0142a.  Figurki te posiadaj\u0105 certyfikaty autentyczno\u015bci i s\u0105 elegancko ubrane w r\u00f3\u017cnych pozycjach oraz barwach. Znajdziesz tu figurki le\u017c\u0105ce, \u015bpi\u0105ce, stoj\u0105ce i wszystkie inne, kt\u00f3re zaspokoj\u0105 Twoje gusta!  Oferujemy wysy\u0142k\u0119 na ca\u0142ym \u015bwiecie, wi\u0119c \u015bmia\u0142o mo\u017cesz zamawia\u0107 swoj\u0105 figurk\u0119 i obdarowa\u0107 kogo\u015b specjalnego w tym roku!<\/p>\n<p>Szklane figurki \u015awi\u0119tego Miko\u0142aja s\u0105 wspania\u0142ymi prezentami, kt\u00f3re mo\u017cesz podarowa\u0107 tym, kt\u00f3rych kochasz w okresie \u015bwi\u0105tecznym.  Z tak wielu kolor\u00f3w, wzor\u00f3w i g\u0142\u0119boko\u015bci szczeg\u00f3\u0142\u00f3w na pewno znajdzie si\u0119 taki, kt\u00f3ry b\u0119dzie pasowa\u0142 do Twojego bud\u017cetu i potrzeb.<\/p>\n","protected":false},"excerpt":{"rendered":"<p>D\u0142ugo\u015b\u0107: 7 cm<br \/>\nSzeroko\u015b\u0107: 2 cm<br \/>\nWysoko\u015b\u0107: 15 cm<\/p>\n","protected":false},"featured_media":266,"template":"","meta":[],"product_cat":[148,142],"product_tag":[],"_links":{"self":[{"href":"https:\/\/glassheritagecentre.com\/pl\/wp-json\/wp\/v2\/product\/3441"}],"collection":[{"href":"https:\/\/glassheritagecentre.com\/pl\/wp-json\/wp\/v2\/product"}],"about":[{"href":"https:\/\/glassheritagecentre.com\/pl\/wp-json\/wp\/v2\/types\/product"}],"wp:featuredmedia":[{"embeddable":true,"href":"https:\/\/glassheritagecentre.com\/pl\/wp-json\/wp\/v2\/media\/266"}],"wp:attachment":[{"href":"https:\/\/glassheritagecentre.com\/pl\/wp-json\/wp\/v2\/media?parent=3441"}],"wp:term":[{"taxonomy":"product_cat","embeddable":true,"href":"https:\/\/glassheritagecentre.com\/pl\/wp-json\/wp\/v2\/product_cat?post=3441"},{"taxonomy":"product_tag","embeddable":true,"href":"https:\/\/glassheritagecentre.com\/pl\/wp-json\/wp\/v2\/product_tag?post=3441"}],"curies":[{"name":"wp","href":"https:\/\/api.w.org\/{rel}","templated":true}]}}