{"id":3440,"date":"2022-07-18T13:14:47","date_gmt":"2022-07-18T11:22:06","guid":{"rendered":"https:\/\/glassheritagecentre.com\/szklany-mikolaj-santa\/"},"modified":"2022-07-18T13:22:16","modified_gmt":"2022-07-18T11:22:16","slug":"szklany-mikolaj-santa","status":"publish","type":"product","link":"https:\/\/glassheritagecentre.com\/pl\/szklany-mikolaj-santa\/","title":{"rendered":"Szklany Miko\u0142aj Santa"},"content":{"rendered":"<p>Srebrne szk\u0142o mieni\u0105ce si\u0119 pi\u0119knem \u015bwi\u0105tecznego ducha. Szklane figurki r\u0119cznie robione przez polskich artyst\u00f3w do dekoracji domu i sto\u0142u lub jako prezent dla najbli\u017cszych w tym sezonie. Roz\u015bwietl pok\u00f3j radosnym okrzykiem Szklanego \u015awi\u0119tego Miko\u0142aja! Ubrany w \u015bwi\u0105teczn\u0105 czerwie\u0144, jest wykonany r\u0119cznie z jako\u015bciowego szk\u0142a i siedzi na szlifowanej i wypolerowanej podstawie, kt\u00f3ra zapewnia mu stabilno\u015b\u0107. Udekoruj sw\u00f3j dom na Bo\u017ce Narodzenie lub podaruj komu\u015b tego b\u0142yszcz\u0105cego ma\u0142ego \u015bwi\u0119tego jako przemy\u015blany prezent!<\/p>\n","protected":false},"excerpt":{"rendered":"<p>D\u0142ugo\u015b\u0107: 12 cm<br \/>\nSzeroko\u015b\u0107: 2 cm<br \/>\nWysoko\u015b\u0107: 34 cm<\/p>\n","protected":false},"featured_media":257,"template":"","meta":[],"product_cat":[148,142],"product_tag":[],"_links":{"self":[{"href":"https:\/\/glassheritagecentre.com\/pl\/wp-json\/wp\/v2\/product\/3440"}],"collection":[{"href":"https:\/\/glassheritagecentre.com\/pl\/wp-json\/wp\/v2\/product"}],"about":[{"href":"https:\/\/glassheritagecentre.com\/pl\/wp-json\/wp\/v2\/types\/product"}],"wp:featuredmedia":[{"embeddable":true,"href":"https:\/\/glassheritagecentre.com\/pl\/wp-json\/wp\/v2\/media\/257"}],"wp:attachment":[{"href":"https:\/\/glassheritagecentre.com\/pl\/wp-json\/wp\/v2\/media?parent=3440"}],"wp:term":[{"taxonomy":"product_cat","embeddable":true,"href":"https:\/\/glassheritagecentre.com\/pl\/wp-json\/wp\/v2\/product_cat?post=3440"},{"taxonomy":"product_tag","embeddable":true,"href":"https:\/\/glassheritagecentre.com\/pl\/wp-json\/wp\/v2\/product_tag?post=3440"}],"curies":[{"name":"wp","href":"https:\/\/api.w.org\/{rel}","templated":true}]}}