{"id":3438,"date":"2022-07-18T13:14:47","date_gmt":"2022-07-18T11:22:06","guid":{"rendered":"https:\/\/glassheritagecentre.com\/szklana-figurka-puella\/"},"modified":"2022-07-18T13:22:15","modified_gmt":"2022-07-18T11:22:15","slug":"szklana-figurka-puella","status":"publish","type":"product","link":"https:\/\/glassheritagecentre.com\/pl\/szklana-figurka-puella\/","title":{"rendered":"Szklana Figurka Puella"},"content":{"rendered":"<p>Ekspert sztuki i fotograf Hector Werios stworzy\u0142 zestaw fantastycznych szklanych figurek, kt\u00f3re nazwa\u0142 z wyobra\u017ani\u0105 \u201eSingularitate\u201d. W tym niezwyk\u0142ym zestawieniu dzie\u0142 Hektor uchwyci\u0142 zestaw mitycznych istot, z kt\u00f3rych ka\u017cda kolejna jest jeszcze bardziej czaruj\u0105ca ni\u017c poprzednia \u2013 postacie wydaj\u0105 si\u0119 by\u0107 wyj\u0119te bezpo\u015brednio z ba\u015bniowo-gotyckiej powie\u015bci! A dla ka\u017cdego, kto lubi odrobin\u0119 przyjemno\u015bci w po\u0142\u0105czeniu z ich dekoracyjnymi przedmiotami, te eteryczne stworzenia z pewno\u015bci\u0105 sprawi\u0105, \u017ce Tw\u00f3j dom lub biuro b\u0119dzie wygl\u0105da\u0107 spektakularnie malowniczo.<\/p>\n<p>To doskona\u0142e dzie\u0142o sztuki ma kszta\u0142t cz\u0142owieka i posiada misterne detale, kt\u00f3re sprawiaj\u0105, \u017ce jest absolutnie ponadczasowe. Ta figurka, pozwalaj\u0105ca na udekorowanie domu lub podarowanie go w prezencie, z pewno\u015bci\u0105 b\u0119dzie podziwiana przez kolejne pokolenia.<\/p>\n","protected":false},"excerpt":{"rendered":"<p>D\u0142ugo\u015b\u0107: 17 cm<br \/>\nSzeroko\u015b\u0107: 4 cm<br \/>\nWysoko\u015b\u0107: 15 cm<\/p>\n","protected":false},"featured_media":227,"template":"","meta":[],"product_cat":[206,166,160],"product_tag":[],"_links":{"self":[{"href":"https:\/\/glassheritagecentre.com\/pl\/wp-json\/wp\/v2\/product\/3438"}],"collection":[{"href":"https:\/\/glassheritagecentre.com\/pl\/wp-json\/wp\/v2\/product"}],"about":[{"href":"https:\/\/glassheritagecentre.com\/pl\/wp-json\/wp\/v2\/types\/product"}],"wp:featuredmedia":[{"embeddable":true,"href":"https:\/\/glassheritagecentre.com\/pl\/wp-json\/wp\/v2\/media\/227"}],"wp:attachment":[{"href":"https:\/\/glassheritagecentre.com\/pl\/wp-json\/wp\/v2\/media?parent=3438"}],"wp:term":[{"taxonomy":"product_cat","embeddable":true,"href":"https:\/\/glassheritagecentre.com\/pl\/wp-json\/wp\/v2\/product_cat?post=3438"},{"taxonomy":"product_tag","embeddable":true,"href":"https:\/\/glassheritagecentre.com\/pl\/wp-json\/wp\/v2\/product_tag?post=3438"}],"curies":[{"name":"wp","href":"https:\/\/api.w.org\/{rel}","templated":true}]}}